{"id":4615,"date":"2020-02-12T13:58:15","date_gmt":"2020-02-12T13:58:15","guid":{"rendered":"https:\/\/catandowl.nl\/?page_id=4615"},"modified":"2023-10-19T10:01:56","modified_gmt":"2023-10-19T10:01:56","slug":"dienstleistungen","status":"publish","type":"page","link":"https:\/\/catandowl.nl\/de\/dienstleistungen\/","title":{"rendered":"Dienstleistungen"},"content":{"rendered":"\t\t<div data-elementor-type=\"wp-page\" data-elementor-id=\"4615\" class=\"elementor elementor-4615 elementor-75\">\n\t\t\t\t\t\t<section class=\"elementor-section elementor-top-section elementor-element elementor-element-4e403c7a elementor-section-full_width elementor-section-stretched elementor-section-height-default elementor-section-height-default\" data-id=\"4e403c7a\" data-element_type=\"section\" data-e-type=\"section\" data-settings=\"{&quot;stretch_section&quot;:&quot;section-stretched&quot;}\">\n\t\t\t\t\t\t<div class=\"elementor-container elementor-column-gap-default\">\n\t\t\t\t\t<div class=\"elementor-column elementor-col-100 elementor-top-column elementor-element elementor-element-71f11705\" data-id=\"71f11705\" data-element_type=\"column\" data-e-type=\"column\">\n\t\t\t<div class=\"elementor-widget-wrap elementor-element-populated\">\n\t\t\t\t\t\t<div class=\"elementor-element elementor-element-7cb4be9 elementor-widget__width-inherit elementor-widget elementor-widget-qt-slider\" data-id=\"7cb4be9\" data-element_type=\"widget\" data-e-type=\"widget\" data-widget_type=\"qt-slider.default\">\n\t\t\t\t<div class=\"elementor-widget-container\">\n\t\t\t\t\t\n        <div class=\"theme__swiper fullwidth__slider fixed-height\">\n\n            <div class=\"theme__swiper__wrap swiper\" data-settings=\"{&quot;speed&quot;:800,&quot;effect&quot;:&quot;fade&quot;,&quot;fadeEffect&quot;:{&quot;crossFade&quot;:true},&quot;autoHeight&quot;:true,&quot;slidesPerView&quot;:1,&quot;slidesPerGroup&quot;:1,&quot;spaceBetween&quot;:0}\">\n    \n                <div class=\"swiper-wrapper\">\n\n                    \n                        <div class=\"single-slide slide-id-5513a48 elementor-repeater-item-5513a48 swiper-slide\">\n\n                                                            <img fetchpriority=\"high\" decoding=\"async\" width=\"768\" height=\"412\" src=\"https:\/\/catandowl.nl\/wp-content\/uploads\/2023\/09\/pruimen3.jpg\" class=\"slide__image\" alt=\"Dienstleistungen\" srcset=\"https:\/\/catandowl.nl\/wp-content\/uploads\/2023\/09\/pruimen3.jpg 768w, https:\/\/catandowl.nl\/wp-content\/uploads\/2023\/09\/pruimen3-300x161.jpg 300w\" sizes=\"100vw\" \/>                            \n                            <div class=\"caption__position caption-center\">\n\n                                <div class=\"container\">\n\n                                    <div class=\"slide__captions\">\n\n                                                                                    <span class=\"slide__subheading\">Zus\u00e4tzlicher Service<\/span>\n                                        \n                                                                                    <h1 class=\"slide__heading\">Dienstleistungen<\/h1>\n                                        \n                                        \n                                    <\/div>\n\n                                <\/div>\n\n                            <\/div>\n\n                        <\/div>\n                    \n                <\/div>\n\n                \n            <\/div>\n\n            \n        <\/div>\n    \t\t\t\t<\/div>\n\t\t\t\t<\/div>\n\t\t\t\t\t<\/div>\n\t\t<\/div>\n\t\t\t\t\t<\/div>\n\t\t<\/section>\n\t\t\t\t<section class=\"elementor-section elementor-top-section elementor-element elementor-element-cf6bc1a elementor-section-boxed elementor-section-height-default elementor-section-height-default\" data-id=\"cf6bc1a\" data-element_type=\"section\" data-e-type=\"section\">\n\t\t\t\t\t\t<div class=\"elementor-container elementor-column-gap-default\">\n\t\t\t\t\t<div class=\"elementor-column elementor-col-100 elementor-top-column elementor-element elementor-element-3737635\" data-id=\"3737635\" data-element_type=\"column\" data-e-type=\"column\">\n\t\t\t<div class=\"elementor-widget-wrap elementor-element-populated\">\n\t\t\t\t\t\t<div class=\"elementor-element elementor-element-823efd2 elementor-widget elementor-widget-qt-custom-heading\" data-id=\"823efd2\" data-element_type=\"widget\" data-e-type=\"widget\" data-widget_type=\"qt-custom-heading.default\">\n\t\t\t\t<div class=\"elementor-widget-container\">\n\t\t\t\t\t\n        <div class=\"custom__heading \">\n\n                            <span class=\"subtitle\">Zus\u00e4tzlicher Service<\/span>\n            \n                            <h2 class=\"heading\">Unsere weiteren Dienstleistungen<\/h2>\n            \n        <\/div>\n        \n    \t\t\t\t<\/div>\n\t\t\t\t<\/div>\n\t\t\t\t\t<\/div>\n\t\t<\/div>\n\t\t\t\t\t<\/div>\n\t\t<\/section>\n\t\t\t\t<section class=\"elementor-section elementor-top-section elementor-element elementor-element-66b2fcd elementor-section-boxed elementor-section-height-default elementor-section-height-default\" data-id=\"66b2fcd\" data-element_type=\"section\" data-e-type=\"section\">\n\t\t\t\t\t\t<div class=\"elementor-container elementor-column-gap-default\">\n\t\t\t\t\t<div class=\"elementor-column elementor-col-100 elementor-top-column elementor-element elementor-element-89c6436\" data-id=\"89c6436\" data-element_type=\"column\" data-e-type=\"column\">\n\t\t\t<div class=\"elementor-widget-wrap elementor-element-populated\">\n\t\t\t\t\t\t<div class=\"elementor-element elementor-element-fb7eab2 elementor-widget elementor-widget-text-editor\" data-id=\"fb7eab2\" data-element_type=\"widget\" data-e-type=\"widget\" data-widget_type=\"text-editor.default\">\n\t\t\t\t<div class=\"elementor-widget-container\">\n\t\t\t\t\t\t\t\t\t<p>Hungrig? Dann k\u00f6nnen Sie bei uns einen kleinen Snack bestellen wie z.B. ein K\u00e4se- oder Snackbrett, eine hausgemachte Portion Suppe oder ein Eis von der \u00f6rtlichen Eisdiele.<\/p><p>\u00a0<\/p><p>Wir haben auch zwei Fahrr\u00e4der zur Verf\u00fcgung, die Sie f\u00fcr 7,50 \u20ac pro Tag mieten k\u00f6nnen. Erkundigen Sie sich bei der Buchung nach der Verf\u00fcgbarkeit der Fahrr\u00e4der, wenn Sie diese mieten m\u00f6chten.<\/p>\t\t\t\t\t\t\t\t<\/div>\n\t\t\t\t<\/div>\n\t\t\t\t\t<\/div>\n\t\t<\/div>\n\t\t\t\t\t<\/div>\n\t\t<\/section>\n\t\t\t\t<section class=\"elementor-section elementor-top-section elementor-element elementor-element-a110f2c elementor-section-boxed elementor-section-height-default elementor-section-height-default\" data-id=\"a110f2c\" data-element_type=\"section\" data-e-type=\"section\">\n\t\t\t\t\t\t<div class=\"elementor-container elementor-column-gap-default\">\n\t\t\t\t\t<div class=\"elementor-column elementor-col-100 elementor-top-column elementor-element elementor-element-580b937\" data-id=\"580b937\" data-element_type=\"column\" data-e-type=\"column\">\n\t\t\t<div class=\"elementor-widget-wrap elementor-element-populated\">\n\t\t\t\t\t\t<div class=\"elementor-element elementor-element-3049493 elementor-widget elementor-widget-text-editor\" data-id=\"3049493\" data-element_type=\"widget\" data-e-type=\"widget\" data-widget_type=\"text-editor.default\">\n\t\t\t\t<div class=\"elementor-widget-container\">\n\t\t\t\t\t\t\t\t\t<p>Wenn Sie mehr \u00fcber die Region erfahren m\u00f6chten, werfen Sie einen Blick auf diese Links:<\/p><p><a href=\"https:\/\/groenlo.nl\/detail\/vvv-groenlo\/\" target=\"_blank\" rel=\"noopener\">VVV inspiratiepunt Groenlo \u2013 Groenlo.nl<\/a><\/p><p><a href=\"https:\/\/achterhoek.nl\/\" target=\"_blank\" rel=\"noopener\">De Achterhoek | Verrassend veelzijdig en zo dichtbij!<\/a><\/p><p><a href=\"https:\/\/www.wandel.nl\/routes\/wandelroutes-in-de-achterhoek-10-leuke-tips\/\" target=\"_blank\" rel=\"noopener\">Wandelroutes in de Achterhoek: 10 leuke tips &#8211; Wandel<\/a><\/p><p><a href=\"https:\/\/www.fietsnetwerk.nl\/fietsroutes\/zoeken\/groenlo\/\" target=\"_blank\" rel=\"noopener\">Fietsroutes in de buurt van Groenlo (fietsnetwerk.nl)<\/a><\/p>\t\t\t\t\t\t\t\t<\/div>\n\t\t\t\t<\/div>\n\t\t\t\t\t<\/div>\n\t\t<\/div>\n\t\t\t\t\t<\/div>\n\t\t<\/section>\n\t\t\t\t<section class=\"elementor-section elementor-top-section elementor-element elementor-element-16fdc4b elementor-section-full_width elementor-section-stretched elementor-section-height-default elementor-section-height-default\" data-id=\"16fdc4b\" data-element_type=\"section\" data-e-type=\"section\" data-settings=\"{&quot;stretch_section&quot;:&quot;section-stretched&quot;}\">\n\t\t\t\t\t\t<div class=\"elementor-container elementor-column-gap-default\">\n\t\t\t\t\t<div class=\"elementor-column elementor-col-100 elementor-top-column elementor-element elementor-element-ef38155\" data-id=\"ef38155\" data-element_type=\"column\" data-e-type=\"column\">\n\t\t\t<div class=\"elementor-widget-wrap elementor-element-populated\">\n\t\t\t\t\t\t<div class=\"elementor-element elementor-element-de0c26a elementor-widget elementor-widget-image-carousel\" data-id=\"de0c26a\" data-element_type=\"widget\" data-e-type=\"widget\" data-settings=\"{&quot;slides_to_show_tablet&quot;:&quot;3&quot;,&quot;slides_to_show_mobile&quot;:&quot;3&quot;,&quot;navigation&quot;:&quot;none&quot;,&quot;autoplay&quot;:&quot;no&quot;,&quot;infinite&quot;:&quot;no&quot;,&quot;speed&quot;:500}\" data-widget_type=\"image-carousel.default\">\n\t\t\t\t<div class=\"elementor-widget-container\">\n\t\t\t\t\t\t\t<div class=\"elementor-image-carousel-wrapper swiper\" role=\"region\" aria-roledescription=\"carousel\" aria-label=\"Bild Karussell\" dir=\"ltr\">\n\t\t\t<div class=\"elementor-image-carousel swiper-wrapper\" aria-live=\"polite\">\n\t\t\t\t\t\t\t\t<div class=\"swiper-slide\" role=\"group\" aria-roledescription=\"slide\" aria-label=\"1 von 3\"><figure class=\"swiper-slide-inner\"><img decoding=\"async\" class=\"swiper-slide-image\" src=\"https:\/\/catandowl.nl\/wp-content\/uploads\/2023\/08\/IMG_8858-435x365.jpg\" alt=\"IMG_8858\" \/><\/figure><\/div><div class=\"swiper-slide\" role=\"group\" aria-roledescription=\"slide\" aria-label=\"2 von 3\"><figure class=\"swiper-slide-inner\"><img decoding=\"async\" class=\"swiper-slide-image\" src=\"https:\/\/catandowl.nl\/wp-content\/uploads\/2023\/08\/catandowlBB_28-435x365.jpg\" alt=\"catandowlBB_28\" \/><\/figure><\/div><div class=\"swiper-slide\" role=\"group\" aria-roledescription=\"slide\" aria-label=\"3 von 3\"><figure class=\"swiper-slide-inner\"><img decoding=\"async\" class=\"swiper-slide-image\" src=\"https:\/\/catandowl.nl\/wp-content\/uploads\/2023\/09\/IMG_9074-435x365.jpeg\" alt=\"IMG_9074\" \/><\/figure><\/div>\t\t\t<\/div>\n\t\t\t\t\t\t\t\n\t\t\t\t\t\t\t\t\t<\/div>\n\t\t\t\t\t\t<\/div>\n\t\t\t\t<\/div>\n\t\t\t\t\t<\/div>\n\t\t<\/div>\n\t\t\t\t\t<\/div>\n\t\t<\/section>\n\t\t\t\t<\/div>\n\t\t","protected":false},"excerpt":{"rendered":"<p>Zus\u00e4tzlicher Service Dienstleistungen Zus\u00e4tzlicher Service Unsere weiteren Dienstleistungen Hungrig? Dann k\u00f6nnen Sie bei uns einen kleinen Snack bestellen wie z.B. ein K\u00e4se- oder Snackbrett, eine hausgemachte Portion Suppe oder ein Eis von der \u00f6rtlichen Eisdiele. Wir haben auch zwei Fahrr\u00e4der zur Verf\u00fcgung, die Sie f\u00fcr 7,50 \u20ac pro Tag mieten k\u00f6nnen. Erkundigen Sie sich bei&hellip;<\/p>\n","protected":false},"author":1,"featured_media":0,"parent":0,"menu_order":0,"comment_status":"closed","ping_status":"closed","template":"","meta":{"_acf_changed":false,"footnotes":""},"class_list":["post-4615","page","type-page","status-publish","hentry"],"acf":[],"yoast_head":"<!-- This site is optimized with the Yoast SEO plugin v27.4 - https:\/\/yoast.com\/product\/yoast-seo-wordpress\/ -->\n<title>Dienstleistungen - Cat and Owl Bed and Breakfast Groenlo<\/title>\n<meta name=\"robots\" content=\"index, follow, max-snippet:-1, max-image-preview:large, max-video-preview:-1\" \/>\n<link rel=\"canonical\" href=\"https:\/\/catandowl.nl\/de\/dienstleistungen\/\" \/>\n<meta property=\"og:locale\" content=\"de_DE\" \/>\n<meta property=\"og:type\" content=\"article\" \/>\n<meta property=\"og:title\" content=\"Dienstleistungen - Cat and Owl Bed and Breakfast Groenlo\" \/>\n<meta property=\"og:description\" content=\"Zus\u00e4tzlicher Service Dienstleistungen Zus\u00e4tzlicher Service Unsere weiteren Dienstleistungen Hungrig? Dann k\u00f6nnen Sie bei uns einen kleinen Snack bestellen wie z.B. ein K\u00e4se- oder Snackbrett, eine hausgemachte Portion Suppe oder ein Eis von der \u00f6rtlichen Eisdiele. Wir haben auch zwei Fahrr\u00e4der zur Verf\u00fcgung, die Sie f\u00fcr 7,50 \u20ac pro Tag mieten k\u00f6nnen. Erkundigen Sie sich bei&hellip;\" \/>\n<meta property=\"og:url\" content=\"https:\/\/catandowl.nl\/de\/dienstleistungen\/\" \/>\n<meta property=\"og:site_name\" content=\"Cat and Owl Bed and Breakfast Groenlo\" \/>\n<meta property=\"article:publisher\" content=\"https:\/\/www.facebook.com\/thecatandtheowl\" \/>\n<meta property=\"article:modified_time\" content=\"2023-10-19T10:01:56+00:00\" \/>\n<meta property=\"og:image\" content=\"https:\/\/catandowl.nl\/wp-content\/uploads\/2023\/09\/pruimen3.jpg\" \/>\n<meta name=\"twitter:card\" content=\"summary_large_image\" \/>\n<meta name=\"twitter:label1\" content=\"Gesch\u00e4tzte Lesezeit\" \/>\n\t<meta name=\"twitter:data1\" content=\"2\u00a0Minuten\" \/>\n<script type=\"application\/ld+json\" class=\"yoast-schema-graph\">{\"@context\":\"https:\\\/\\\/schema.org\",\"@graph\":[{\"@type\":\"WebPage\",\"@id\":\"https:\\\/\\\/catandowl.nl\\\/de\\\/dienstleistungen\\\/\",\"url\":\"https:\\\/\\\/catandowl.nl\\\/de\\\/dienstleistungen\\\/\",\"name\":\"Dienstleistungen - Cat and Owl Bed and Breakfast Groenlo\",\"isPartOf\":{\"@id\":\"https:\\\/\\\/catandowl.nl\\\/de\\\/#website\"},\"primaryImageOfPage\":{\"@id\":\"https:\\\/\\\/catandowl.nl\\\/de\\\/dienstleistungen\\\/#primaryimage\"},\"image\":{\"@id\":\"https:\\\/\\\/catandowl.nl\\\/de\\\/dienstleistungen\\\/#primaryimage\"},\"thumbnailUrl\":\"https:\\\/\\\/catandowl.nl\\\/wp-content\\\/uploads\\\/2023\\\/09\\\/pruimen3.jpg\",\"datePublished\":\"2020-02-12T13:58:15+00:00\",\"dateModified\":\"2023-10-19T10:01:56+00:00\",\"breadcrumb\":{\"@id\":\"https:\\\/\\\/catandowl.nl\\\/de\\\/dienstleistungen\\\/#breadcrumb\"},\"inLanguage\":\"de\",\"potentialAction\":[{\"@type\":\"ReadAction\",\"target\":[\"https:\\\/\\\/catandowl.nl\\\/de\\\/dienstleistungen\\\/\"]}]},{\"@type\":\"ImageObject\",\"inLanguage\":\"de\",\"@id\":\"https:\\\/\\\/catandowl.nl\\\/de\\\/dienstleistungen\\\/#primaryimage\",\"url\":\"https:\\\/\\\/catandowl.nl\\\/wp-content\\\/uploads\\\/2023\\\/09\\\/pruimen3.jpg\",\"contentUrl\":\"https:\\\/\\\/catandowl.nl\\\/wp-content\\\/uploads\\\/2023\\\/09\\\/pruimen3.jpg\"},{\"@type\":\"BreadcrumbList\",\"@id\":\"https:\\\/\\\/catandowl.nl\\\/de\\\/dienstleistungen\\\/#breadcrumb\",\"itemListElement\":[{\"@type\":\"ListItem\",\"position\":1,\"name\":\"Home\",\"item\":\"https:\\\/\\\/catandowl.nl\\\/de\\\/\"},{\"@type\":\"ListItem\",\"position\":2,\"name\":\"Dienstleistungen\"}]},{\"@type\":\"WebSite\",\"@id\":\"https:\\\/\\\/catandowl.nl\\\/de\\\/#website\",\"url\":\"https:\\\/\\\/catandowl.nl\\\/de\\\/\",\"name\":\"Cat and Owl Bed and Breakfast Groenlo\",\"description\":\"\",\"publisher\":{\"@id\":\"https:\\\/\\\/catandowl.nl\\\/de\\\/#organization\"},\"potentialAction\":[{\"@type\":\"SearchAction\",\"target\":{\"@type\":\"EntryPoint\",\"urlTemplate\":\"https:\\\/\\\/catandowl.nl\\\/de\\\/?s={search_term_string}\"},\"query-input\":{\"@type\":\"PropertyValueSpecification\",\"valueRequired\":true,\"valueName\":\"search_term_string\"}}],\"inLanguage\":\"de\"},{\"@type\":\"Organization\",\"@id\":\"https:\\\/\\\/catandowl.nl\\\/de\\\/#organization\",\"name\":\"Cat and Owl Bed and Breakfast Groenlo\",\"url\":\"https:\\\/\\\/catandowl.nl\\\/de\\\/\",\"logo\":{\"@type\":\"ImageObject\",\"inLanguage\":\"de\",\"@id\":\"https:\\\/\\\/catandowl.nl\\\/de\\\/#\\\/schema\\\/logo\\\/image\\\/\",\"url\":\"https:\\\/\\\/catandowl.nl\\\/wp-content\\\/uploads\\\/2023\\\/09\\\/Cat_Owl_logo_green_background.png\",\"contentUrl\":\"https:\\\/\\\/catandowl.nl\\\/wp-content\\\/uploads\\\/2023\\\/09\\\/Cat_Owl_logo_green_background.png\",\"width\":472,\"height\":1197,\"caption\":\"Cat and Owl Bed and Breakfast Groenlo\"},\"image\":{\"@id\":\"https:\\\/\\\/catandowl.nl\\\/de\\\/#\\\/schema\\\/logo\\\/image\\\/\"},\"sameAs\":[\"https:\\\/\\\/www.facebook.com\\\/thecatandtheowl\",\"https:\\\/\\\/www.instagram.com\\\/thecatandtheowlbbb\\\/\"]}]}<\/script>\n<!-- \/ Yoast SEO plugin. -->","yoast_head_json":{"title":"Dienstleistungen - Cat and Owl Bed and Breakfast Groenlo","robots":{"index":"index","follow":"follow","max-snippet":"max-snippet:-1","max-image-preview":"max-image-preview:large","max-video-preview":"max-video-preview:-1"},"canonical":"https:\/\/catandowl.nl\/de\/dienstleistungen\/","og_locale":"de_DE","og_type":"article","og_title":"Dienstleistungen - Cat and Owl Bed and Breakfast Groenlo","og_description":"Zus\u00e4tzlicher Service Dienstleistungen Zus\u00e4tzlicher Service Unsere weiteren Dienstleistungen Hungrig? Dann k\u00f6nnen Sie bei uns einen kleinen Snack bestellen wie z.B. ein K\u00e4se- oder Snackbrett, eine hausgemachte Portion Suppe oder ein Eis von der \u00f6rtlichen Eisdiele. Wir haben auch zwei Fahrr\u00e4der zur Verf\u00fcgung, die Sie f\u00fcr 7,50 \u20ac pro Tag mieten k\u00f6nnen. Erkundigen Sie sich bei&hellip;","og_url":"https:\/\/catandowl.nl\/de\/dienstleistungen\/","og_site_name":"Cat and Owl Bed and Breakfast Groenlo","article_publisher":"https:\/\/www.facebook.com\/thecatandtheowl","article_modified_time":"2023-10-19T10:01:56+00:00","og_image":[{"url":"https:\/\/catandowl.nl\/wp-content\/uploads\/2023\/09\/pruimen3.jpg","type":"","width":"","height":""}],"twitter_card":"summary_large_image","twitter_misc":{"Gesch\u00e4tzte Lesezeit":"2\u00a0Minuten"},"schema":{"@context":"https:\/\/schema.org","@graph":[{"@type":"WebPage","@id":"https:\/\/catandowl.nl\/de\/dienstleistungen\/","url":"https:\/\/catandowl.nl\/de\/dienstleistungen\/","name":"Dienstleistungen - Cat and Owl Bed and Breakfast Groenlo","isPartOf":{"@id":"https:\/\/catandowl.nl\/de\/#website"},"primaryImageOfPage":{"@id":"https:\/\/catandowl.nl\/de\/dienstleistungen\/#primaryimage"},"image":{"@id":"https:\/\/catandowl.nl\/de\/dienstleistungen\/#primaryimage"},"thumbnailUrl":"https:\/\/catandowl.nl\/wp-content\/uploads\/2023\/09\/pruimen3.jpg","datePublished":"2020-02-12T13:58:15+00:00","dateModified":"2023-10-19T10:01:56+00:00","breadcrumb":{"@id":"https:\/\/catandowl.nl\/de\/dienstleistungen\/#breadcrumb"},"inLanguage":"de","potentialAction":[{"@type":"ReadAction","target":["https:\/\/catandowl.nl\/de\/dienstleistungen\/"]}]},{"@type":"ImageObject","inLanguage":"de","@id":"https:\/\/catandowl.nl\/de\/dienstleistungen\/#primaryimage","url":"https:\/\/catandowl.nl\/wp-content\/uploads\/2023\/09\/pruimen3.jpg","contentUrl":"https:\/\/catandowl.nl\/wp-content\/uploads\/2023\/09\/pruimen3.jpg"},{"@type":"BreadcrumbList","@id":"https:\/\/catandowl.nl\/de\/dienstleistungen\/#breadcrumb","itemListElement":[{"@type":"ListItem","position":1,"name":"Home","item":"https:\/\/catandowl.nl\/de\/"},{"@type":"ListItem","position":2,"name":"Dienstleistungen"}]},{"@type":"WebSite","@id":"https:\/\/catandowl.nl\/de\/#website","url":"https:\/\/catandowl.nl\/de\/","name":"Cat and Owl Bed and Breakfast Groenlo","description":"","publisher":{"@id":"https:\/\/catandowl.nl\/de\/#organization"},"potentialAction":[{"@type":"SearchAction","target":{"@type":"EntryPoint","urlTemplate":"https:\/\/catandowl.nl\/de\/?s={search_term_string}"},"query-input":{"@type":"PropertyValueSpecification","valueRequired":true,"valueName":"search_term_string"}}],"inLanguage":"de"},{"@type":"Organization","@id":"https:\/\/catandowl.nl\/de\/#organization","name":"Cat and Owl Bed and Breakfast Groenlo","url":"https:\/\/catandowl.nl\/de\/","logo":{"@type":"ImageObject","inLanguage":"de","@id":"https:\/\/catandowl.nl\/de\/#\/schema\/logo\/image\/","url":"https:\/\/catandowl.nl\/wp-content\/uploads\/2023\/09\/Cat_Owl_logo_green_background.png","contentUrl":"https:\/\/catandowl.nl\/wp-content\/uploads\/2023\/09\/Cat_Owl_logo_green_background.png","width":472,"height":1197,"caption":"Cat and Owl Bed and Breakfast Groenlo"},"image":{"@id":"https:\/\/catandowl.nl\/de\/#\/schema\/logo\/image\/"},"sameAs":["https:\/\/www.facebook.com\/thecatandtheowl","https:\/\/www.instagram.com\/thecatandtheowlbbb\/"]}]}},"_links":{"self":[{"href":"https:\/\/catandowl.nl\/de\/wp-json\/wp\/v2\/pages\/4615","targetHints":{"allow":["GET"]}}],"collection":[{"href":"https:\/\/catandowl.nl\/de\/wp-json\/wp\/v2\/pages"}],"about":[{"href":"https:\/\/catandowl.nl\/de\/wp-json\/wp\/v2\/types\/page"}],"author":[{"embeddable":true,"href":"https:\/\/catandowl.nl\/de\/wp-json\/wp\/v2\/users\/1"}],"replies":[{"embeddable":true,"href":"https:\/\/catandowl.nl\/de\/wp-json\/wp\/v2\/comments?post=4615"}],"version-history":[{"count":4,"href":"https:\/\/catandowl.nl\/de\/wp-json\/wp\/v2\/pages\/4615\/revisions"}],"predecessor-version":[{"id":4619,"href":"https:\/\/catandowl.nl\/de\/wp-json\/wp\/v2\/pages\/4615\/revisions\/4619"}],"wp:attachment":[{"href":"https:\/\/catandowl.nl\/de\/wp-json\/wp\/v2\/media?parent=4615"}],"curies":[{"name":"wp","href":"https:\/\/api.w.org\/{rel}","templated":true}]}}