{"id":4669,"date":"2023-08-21T13:15:01","date_gmt":"2023-08-21T13:15:01","guid":{"rendered":"https:\/\/catandowl.nl\/?page_id=4669"},"modified":"2023-10-23T09:48:12","modified_gmt":"2023-10-23T09:48:12","slug":"gutscheine","status":"publish","type":"page","link":"https:\/\/catandowl.nl\/de\/gutscheine\/","title":{"rendered":"Gutscheine"},"content":{"rendered":"\t\t<div data-elementor-type=\"wp-page\" data-elementor-id=\"4669\" class=\"elementor elementor-4669 elementor-3214\">\n\t\t\t\t\t\t<section class=\"elementor-section elementor-top-section elementor-element elementor-element-a31da7 elementor-section-full_width elementor-section-stretched elementor-section-height-default elementor-section-height-default\" data-id=\"a31da7\" data-element_type=\"section\" data-e-type=\"section\" data-settings=\"{&quot;stretch_section&quot;:&quot;section-stretched&quot;}\">\n\t\t\t\t\t\t<div class=\"elementor-container elementor-column-gap-default\">\n\t\t\t\t\t<div class=\"elementor-column elementor-col-100 elementor-top-column elementor-element elementor-element-1e15a4b\" data-id=\"1e15a4b\" data-element_type=\"column\" data-e-type=\"column\">\n\t\t\t<div class=\"elementor-widget-wrap elementor-element-populated\">\n\t\t\t\t\t\t<div class=\"elementor-element elementor-element-258e81cd elementor-widget__width-inherit elementor-widget elementor-widget-qt-slider\" data-id=\"258e81cd\" data-element_type=\"widget\" data-e-type=\"widget\" data-widget_type=\"qt-slider.default\">\n\t\t\t\t<div class=\"elementor-widget-container\">\n\t\t\t\t\t\n        <div class=\"theme__swiper fullwidth__slider fixed-height\">\n\n            <div class=\"theme__swiper__wrap swiper\" data-settings=\"{&quot;speed&quot;:800,&quot;effect&quot;:&quot;fade&quot;,&quot;fadeEffect&quot;:{&quot;crossFade&quot;:true},&quot;autoHeight&quot;:true,&quot;slidesPerView&quot;:1,&quot;slidesPerGroup&quot;:1,&quot;spaceBetween&quot;:0}\">\n    \n                <div class=\"swiper-wrapper\">\n\n                    \n                        <div class=\"single-slide slide-id-5513a48 elementor-repeater-item-5513a48 swiper-slide\">\n\n                                                            <img fetchpriority=\"high\" decoding=\"async\" width=\"1600\" height=\"715\" src=\"https:\/\/catandowl.nl\/wp-content\/uploads\/2023\/08\/catandowlBB_41-1600x715.jpg\" class=\"slide__image\" alt=\"Schenken Sie einen Geschenkgutschein\" srcset=\"\" sizes=\"100vw\" \/>                            \n                            <div class=\"caption__position caption-center\">\n\n                                <div class=\"container\">\n\n                                    <div class=\"slide__captions\">\n\n                                                                                    <span class=\"slide__subheading\">Gutscheine<\/span>\n                                        \n                                                                                    <h1 class=\"slide__heading\">Schenken Sie einen Geschenkgutschein<\/h1>\n                                        \n                                        \n                                    <\/div>\n\n                                <\/div>\n\n                            <\/div>\n\n                        <\/div>\n                    \n                <\/div>\n\n                \n            <\/div>\n\n            \n        <\/div>\n    \t\t\t\t<\/div>\n\t\t\t\t<\/div>\n\t\t\t\t\t<\/div>\n\t\t<\/div>\n\t\t\t\t\t<\/div>\n\t\t<\/section>\n\t\t\t\t<section class=\"elementor-section elementor-top-section elementor-element elementor-element-5362dc5 elementor-section-boxed elementor-section-height-default elementor-section-height-default\" data-id=\"5362dc5\" data-element_type=\"section\" data-e-type=\"section\">\n\t\t\t\t\t\t<div class=\"elementor-container elementor-column-gap-default\">\n\t\t\t\t\t<div class=\"elementor-column elementor-col-100 elementor-top-column elementor-element elementor-element-3301808\" data-id=\"3301808\" data-element_type=\"column\" data-e-type=\"column\">\n\t\t\t<div class=\"elementor-widget-wrap elementor-element-populated\">\n\t\t\t\t\t\t<div class=\"elementor-element elementor-element-75bf7d4 elementor-widget elementor-widget-qt-custom-heading\" data-id=\"75bf7d4\" data-element_type=\"widget\" data-e-type=\"widget\" data-widget_type=\"qt-custom-heading.default\">\n\t\t\t\t<div class=\"elementor-widget-container\">\n\t\t\t\t\t\n        <div class=\"custom__heading \">\n\n                            <span class=\"subtitle\">Gutscheine<\/span>\n            \n                            <h2 class=\"heading\">Ein originelles Geschenk!<\/h2>\n            \n        <\/div>\n        \n    \t\t\t\t<\/div>\n\t\t\t\t<\/div>\n\t\t\t\t\t<\/div>\n\t\t<\/div>\n\t\t\t\t\t<\/div>\n\t\t<\/section>\n\t\t\t\t<section class=\"elementor-section elementor-top-section elementor-element elementor-element-a72bd57 elementor-section-boxed elementor-section-height-default elementor-section-height-default\" data-id=\"a72bd57\" data-element_type=\"section\" data-e-type=\"section\">\n\t\t\t\t\t\t<div class=\"elementor-container elementor-column-gap-default\">\n\t\t\t\t\t<div class=\"elementor-column elementor-col-100 elementor-top-column elementor-element elementor-element-d0f9616\" data-id=\"d0f9616\" data-element_type=\"column\" data-e-type=\"column\">\n\t\t\t<div class=\"elementor-widget-wrap elementor-element-populated\">\n\t\t\t\t\t\t<div class=\"elementor-element elementor-element-3f78445 elementor-widget elementor-widget-text-editor\" data-id=\"3f78445\" data-element_type=\"widget\" data-e-type=\"widget\" data-widget_type=\"text-editor.default\">\n\t\t\t\t<div class=\"elementor-widget-container\">\n\t\t\t\t\t\t\t\t\t<p>Verschenken Sie ein originelles und wertvolles Geschenk. G\u00f6nnen Sie jemandem, den Sie lieben, ein wunderbares Wochenende. Das ist mit unserem Geschenkgutschein m\u00f6glich. Sie k\u00f6nnen sie in jedem gew\u00fcnschten Wert erwerben.<\/p>\t\t\t\t\t\t\t\t<\/div>\n\t\t\t\t<\/div>\n\t\t\t\t\t<\/div>\n\t\t<\/div>\n\t\t\t\t\t<\/div>\n\t\t<\/section>\n\t\t\t\t<section class=\"elementor-section elementor-top-section elementor-element elementor-element-b52b1e7 elementor-section-boxed elementor-section-height-default elementor-section-height-default\" data-id=\"b52b1e7\" data-element_type=\"section\" data-e-type=\"section\">\n\t\t\t\t\t\t<div class=\"elementor-container elementor-column-gap-default\">\n\t\t\t\t\t<div class=\"elementor-column elementor-col-100 elementor-top-column elementor-element elementor-element-b56586c\" data-id=\"b56586c\" data-element_type=\"column\" data-e-type=\"column\">\n\t\t\t<div class=\"elementor-widget-wrap elementor-element-populated\">\n\t\t\t\t\t\t<div class=\"elementor-element elementor-element-8e885ae elementor-widget elementor-widget-shortcode\" data-id=\"8e885ae\" data-element_type=\"widget\" data-e-type=\"widget\" data-widget_type=\"shortcode.default\">\n\t\t\t\t<div class=\"elementor-widget-container\">\n\t\t\t\t\t\t\t<div class=\"elementor-shortcode\"><form method=\"POST\" action=\"\" class=\"pt-checkout-form\" id=\"pt_checkout_form_1\" data-pt-id=\"1\" data-parsley-validate enctype=\"multipart\/form-data\" data-currency=\"EUR\"><noscript><div class=\"pt-form-alert\">This form requires JavaScript, enable it in your browser.<\/div><\/noscript>\n<div class=\"pt-form-group pt-form-group-1 pt-form-group-label \"><label for=\"pt_items[1][value]\" class=\"\">Gutscheine<\/label><input type=\"hidden\" name=\"pt_items[1][label]\" value=\"Gutscheine\"><input type=\"hidden\" name=\"pt_items[1][type]\" value=\"label\"><\/div>\n<div class=\"pt-form-group pt-form-group-2 pt-form-group-uea-custom-amount \"><label for=\"pt_uea_custom_amount_3\">Gew\u00fcnschte Menge:<\/label><div class=\"pt-uea-container pt-uea-container-with-prepend\"><div class=\"pt-uea-container-amount\"><div class=\"pt-uea-currency-prepend\"><span class=\"pt-uea-currency pt-uea-currency-before\">\u20ac<\/span> <\/div> <input type=\"text\" class=\"pt-field pt-uea-custom-amount\" autocomplete=\"off\" name=\"pt_items[3][amount]\" id=\"pt_uea_custom_amount_3\" value=\"\" parsley-type=\"number\"  data-parsley-open=\"1\" placeholder=\"\" data-parsley-errors-container=\"#pt_uea_custom_amount_errors_3\" data-pt-price=\"\"><\/div><input type=\"hidden\" class=\"pt-field pt-uea-custom-amount-formatted\" name=\"pt_items[3][amount]\" value=\"0\" data-pt-price=\"0\" \/><input type=\"hidden\" name=\"pt_items[3][label]\" value=\"Gew\u00fcnschte Menge:\"><input type=\"hidden\" name=\"pt_items[3][tax_percentage]\" value=\"0\"><input type=\"hidden\" name=\"pt_items[3][type]\" value=\"open\"><\/div><div id=\"pt_uea_custom_amount_errors_3\"><\/div><\/div>\n<div class=\"pt-form-group pt-form-group-3 pt-form-group-field-name\"><label for=\"pt-field-name\">Name:<\/label><input type=\"text\" id=\"pt-field-name-5\" name=\"pt-field-name-5\" autocomplete=\"name\" class=\"pt-field pt-field-name\" value=\"\" data-pt-field-type=\"name\" data-pt-user-label=\"Name\" data-pt-user-data=\"false\" required      \/><\/div>\n<div class=\"pt-form-group pt-form-group-4 pt-form-group-field-text\"><label for=\"pt-field-text\">Adresse:<\/label><input type=\"text\" id=\"pt-field-text-6\" name=\"pt-field-text-6\" autocomplete=\"\" class=\"pt-field pt-field-text\" value=\"\" data-pt-field-type=\"text\" data-pt-user-label=\"Adresse\" data-pt-user-data=\"false\" data-pt-price=\"0\" required    \/><\/div>\n<div class=\"pt-form-group pt-form-group-5 pt-form-group-field-text\"><label for=\"pt-field-text\">PLZ:<\/label><input type=\"text\" id=\"pt-field-text-7\" name=\"pt-field-text-7\" autocomplete=\"\" class=\"pt-field pt-field-text\" value=\"\" data-pt-field-type=\"text\" data-pt-user-label=\"PLZ\" data-pt-user-data=\"false\" data-pt-price=\"0\" required    \/><\/div>\n<div class=\"pt-form-group pt-form-group-6 pt-form-group-field-text\"><label for=\"pt-field-text\">Standort:<\/label><input type=\"text\" id=\"pt-field-text-8\" name=\"pt-field-text-8\" autocomplete=\"\" class=\"pt-field pt-field-text\" value=\"\" data-pt-field-type=\"text\" data-pt-user-label=\"Standort\" data-pt-user-data=\"false\" data-pt-price=\"0\" required    \/><\/div>\n<div class=\"pt-form-group pt-form-group-7 pt-form-group-field-email\"><label for=\"pt-field-email\">E-Mail Adresse:<\/label><input type=\"email\" id=\"pt-field-email-9\" name=\"pt-field-email-9\" autocomplete=\"email\" class=\"pt-field pt-field-email\" value=\"\" data-pt-field-type=\"email\" data-pt-user-label=\"E-Mail Adresse\" data-pt-user-data=\"false\" data-pt-price=\"0\" required      data-parsley-errors-container=\"#parsley-errors-list-email-9\"  \/><div id=\"parsley-errors-list-email-9\"><\/div><\/div>\n<div class=\"pt-form-group pt-form-group-8 pt-form-group-field-text\"><label for=\"pt-field-text\">Telefon:<\/label><input type=\"text\" id=\"pt-field-text-10\" name=\"pt-field-text-10\" autocomplete=\"\" class=\"pt-field pt-field-text\" value=\"\" data-pt-field-type=\"text\" data-pt-user-label=\"Telefon\" data-pt-user-data=\"false\" data-pt-price=\"0\" required    \/><\/div>\n<div class=\"pt-form-group pt-form-group-9 pt-form-group-field-textarea\"><label for=\"pt-field-textarea\">Bemerkung:<\/label><textarea id=\"pt-field-textarea-11\" name=\"pt-field-textarea-11\" class=\"pt-field pt-field-textarea\" value=\"\" data-pt-field-type=\"textarea\" data-pt-user-label=\"Bemerkung\" data-pt-user-data=\"false\" data-pt-price=\"0\" required    ><\/textarea><\/div>\n<div class=\"pt-form-group pt-form-group-10 pt-form-group-total-amount\">Total: <span class=\"pt-total-amount\">\u20ac -<\/span><\/div>\n<div class=\"pt-form-group pt-form-group-11 pt-form-group-field-email\"><label for=\"pt-field-email\">E-mail:<\/label><input type=\"email\" id=\"pt-field-email-13\" name=\"pt-field-email-13\" autocomplete=\"email\" class=\"pt-field pt-field-email\" value=\"\" data-pt-field-type=\"email\" data-pt-user-label=\"E-mail\" data-pt-user-data=\"false\" data-pt-price=\"0\" required      data-parsley-errors-container=\"#parsley-errors-list-email-13\"  \/><div id=\"parsley-errors-list-email-13\"><\/div><\/div>\n<input type=\"hidden\"  name=\"pt-field-form-emails\" class=\"pt-field-form-emails\" value=\"4723\" data-pt-field-type=\"pt-field-form-emails\" data-pt-user-label=\"Form emails\" \/>\n<input type=\"hidden\" name=\"pt-name\" value=\"Formulier naam\" \/><input type=\"hidden\" name=\"pt-description\" value=\"Gutscheine\" \/><input type=\"hidden\" name=\"pt-amount\" class=\"pt_amount\" value=\"\" \/><input type=\"hidden\" name=\"pt-currency\" class=\"pt_currency\" value=\"EUR\" \/><input type=\"hidden\" name=\"pt_redirect_url\" value=\"https:\/\/catandowl.nl\/de\/gutscheine\/\" \/><input type=\"hidden\" name=\"pt-form-load\" value=\"8cac0d5be7857f15d764679f45c71400\" \/><input type=\"hidden\" name=\"pt-form-id\" value=\"1\" \/><button class=\"pt-payment-btn paytium-button-el\"><span>Zahlen<\/span><\/button><\/form>\n<\/div>\n\t\t\t\t\t\t<\/div>\n\t\t\t\t<\/div>\n\t\t\t\t\t<\/div>\n\t\t<\/div>\n\t\t\t\t\t<\/div>\n\t\t<\/section>\n\t\t\t\t<\/div>\n\t\t","protected":false},"excerpt":{"rendered":"<p>Gutscheine Schenken Sie einen Geschenkgutschein Gutscheine Ein originelles Geschenk! Verschenken Sie ein originelles und wertvolles Geschenk. G\u00f6nnen Sie jemandem, den Sie lieben, ein wunderbares Wochenende. Das ist mit unserem Geschenkgutschein m\u00f6glich. Sie k\u00f6nnen sie in jedem gew\u00fcnschten Wert erwerben.<\/p>\n","protected":false},"author":1,"featured_media":0,"parent":0,"menu_order":0,"comment_status":"closed","ping_status":"closed","template":"","meta":{"_acf_changed":false,"footnotes":""},"class_list":["post-4669","page","type-page","status-publish","hentry"],"acf":[],"yoast_head":"<!-- This site is optimized with the Yoast SEO plugin v27.3 - https:\/\/yoast.com\/product\/yoast-seo-wordpress\/ -->\n<title>Gutscheine - Cat and Owl Bed and Breakfast Groenlo<\/title>\n<meta name=\"robots\" content=\"index, follow, max-snippet:-1, max-image-preview:large, max-video-preview:-1\" \/>\n<link rel=\"canonical\" href=\"https:\/\/catandowl.nl\/de\/gutscheine\/\" \/>\n<meta property=\"og:locale\" content=\"de_DE\" \/>\n<meta property=\"og:type\" content=\"article\" \/>\n<meta property=\"og:title\" content=\"Gutscheine - Cat and Owl Bed and Breakfast Groenlo\" \/>\n<meta property=\"og:description\" content=\"Gutscheine Schenken Sie einen Geschenkgutschein Gutscheine Ein originelles Geschenk! Verschenken Sie ein originelles und wertvolles Geschenk. G\u00f6nnen Sie jemandem, den Sie lieben, ein wunderbares Wochenende. Das ist mit unserem Geschenkgutschein m\u00f6glich. Sie k\u00f6nnen sie in jedem gew\u00fcnschten Wert erwerben.\" \/>\n<meta property=\"og:url\" content=\"https:\/\/catandowl.nl\/de\/gutscheine\/\" \/>\n<meta property=\"og:site_name\" content=\"Cat and Owl Bed and Breakfast Groenlo\" \/>\n<meta property=\"article:publisher\" content=\"https:\/\/www.facebook.com\/thecatandtheowl\" \/>\n<meta property=\"article:modified_time\" content=\"2023-10-23T09:48:12+00:00\" \/>\n<meta property=\"og:image\" content=\"https:\/\/catandowl.nl\/wp-content\/uploads\/2023\/08\/catandowlBB_41-1600x715.jpg\" \/>\n<meta name=\"twitter:card\" content=\"summary_large_image\" \/>\n<meta name=\"twitter:label1\" content=\"Gesch\u00e4tzte Lesezeit\" \/>\n\t<meta name=\"twitter:data1\" content=\"2\u00a0Minuten\" \/>\n<script type=\"application\/ld+json\" class=\"yoast-schema-graph\">{\"@context\":\"https:\\\/\\\/schema.org\",\"@graph\":[{\"@type\":\"WebPage\",\"@id\":\"https:\\\/\\\/catandowl.nl\\\/de\\\/gutscheine\\\/\",\"url\":\"https:\\\/\\\/catandowl.nl\\\/de\\\/gutscheine\\\/\",\"name\":\"Gutscheine - Cat and Owl Bed and Breakfast Groenlo\",\"isPartOf\":{\"@id\":\"https:\\\/\\\/catandowl.nl\\\/de\\\/#website\"},\"primaryImageOfPage\":{\"@id\":\"https:\\\/\\\/catandowl.nl\\\/de\\\/gutscheine\\\/#primaryimage\"},\"image\":{\"@id\":\"https:\\\/\\\/catandowl.nl\\\/de\\\/gutscheine\\\/#primaryimage\"},\"thumbnailUrl\":\"https:\\\/\\\/catandowl.nl\\\/wp-content\\\/uploads\\\/2023\\\/08\\\/catandowlBB_41-1600x715.jpg\",\"datePublished\":\"2023-08-21T13:15:01+00:00\",\"dateModified\":\"2023-10-23T09:48:12+00:00\",\"breadcrumb\":{\"@id\":\"https:\\\/\\\/catandowl.nl\\\/de\\\/gutscheine\\\/#breadcrumb\"},\"inLanguage\":\"de\",\"potentialAction\":[{\"@type\":\"ReadAction\",\"target\":[\"https:\\\/\\\/catandowl.nl\\\/de\\\/gutscheine\\\/\"]}]},{\"@type\":\"ImageObject\",\"inLanguage\":\"de\",\"@id\":\"https:\\\/\\\/catandowl.nl\\\/de\\\/gutscheine\\\/#primaryimage\",\"url\":\"https:\\\/\\\/catandowl.nl\\\/wp-content\\\/uploads\\\/2023\\\/08\\\/catandowlBB_41-1600x715.jpg\",\"contentUrl\":\"https:\\\/\\\/catandowl.nl\\\/wp-content\\\/uploads\\\/2023\\\/08\\\/catandowlBB_41-1600x715.jpg\"},{\"@type\":\"BreadcrumbList\",\"@id\":\"https:\\\/\\\/catandowl.nl\\\/de\\\/gutscheine\\\/#breadcrumb\",\"itemListElement\":[{\"@type\":\"ListItem\",\"position\":1,\"name\":\"Home\",\"item\":\"https:\\\/\\\/catandowl.nl\\\/de\\\/\"},{\"@type\":\"ListItem\",\"position\":2,\"name\":\"Gutscheine\"}]},{\"@type\":\"WebSite\",\"@id\":\"https:\\\/\\\/catandowl.nl\\\/de\\\/#website\",\"url\":\"https:\\\/\\\/catandowl.nl\\\/de\\\/\",\"name\":\"Cat and Owl Bed and Breakfast Groenlo\",\"description\":\"\",\"publisher\":{\"@id\":\"https:\\\/\\\/catandowl.nl\\\/de\\\/#organization\"},\"potentialAction\":[{\"@type\":\"SearchAction\",\"target\":{\"@type\":\"EntryPoint\",\"urlTemplate\":\"https:\\\/\\\/catandowl.nl\\\/de\\\/?s={search_term_string}\"},\"query-input\":{\"@type\":\"PropertyValueSpecification\",\"valueRequired\":true,\"valueName\":\"search_term_string\"}}],\"inLanguage\":\"de\"},{\"@type\":\"Organization\",\"@id\":\"https:\\\/\\\/catandowl.nl\\\/de\\\/#organization\",\"name\":\"Cat and Owl Bed and Breakfast Groenlo\",\"url\":\"https:\\\/\\\/catandowl.nl\\\/de\\\/\",\"logo\":{\"@type\":\"ImageObject\",\"inLanguage\":\"de\",\"@id\":\"https:\\\/\\\/catandowl.nl\\\/de\\\/#\\\/schema\\\/logo\\\/image\\\/\",\"url\":\"https:\\\/\\\/catandowl.nl\\\/wp-content\\\/uploads\\\/2023\\\/09\\\/Cat_Owl_logo_green_background.png\",\"contentUrl\":\"https:\\\/\\\/catandowl.nl\\\/wp-content\\\/uploads\\\/2023\\\/09\\\/Cat_Owl_logo_green_background.png\",\"width\":472,\"height\":1197,\"caption\":\"Cat and Owl Bed and Breakfast Groenlo\"},\"image\":{\"@id\":\"https:\\\/\\\/catandowl.nl\\\/de\\\/#\\\/schema\\\/logo\\\/image\\\/\"},\"sameAs\":[\"https:\\\/\\\/www.facebook.com\\\/thecatandtheowl\",\"https:\\\/\\\/www.instagram.com\\\/thecatandtheowlbbb\\\/\"]}]}<\/script>\n<!-- \/ Yoast SEO plugin. -->","yoast_head_json":{"title":"Gutscheine - Cat and Owl Bed and Breakfast Groenlo","robots":{"index":"index","follow":"follow","max-snippet":"max-snippet:-1","max-image-preview":"max-image-preview:large","max-video-preview":"max-video-preview:-1"},"canonical":"https:\/\/catandowl.nl\/de\/gutscheine\/","og_locale":"de_DE","og_type":"article","og_title":"Gutscheine - Cat and Owl Bed and Breakfast Groenlo","og_description":"Gutscheine Schenken Sie einen Geschenkgutschein Gutscheine Ein originelles Geschenk! Verschenken Sie ein originelles und wertvolles Geschenk. G\u00f6nnen Sie jemandem, den Sie lieben, ein wunderbares Wochenende. Das ist mit unserem Geschenkgutschein m\u00f6glich. Sie k\u00f6nnen sie in jedem gew\u00fcnschten Wert erwerben.","og_url":"https:\/\/catandowl.nl\/de\/gutscheine\/","og_site_name":"Cat and Owl Bed and Breakfast Groenlo","article_publisher":"https:\/\/www.facebook.com\/thecatandtheowl","article_modified_time":"2023-10-23T09:48:12+00:00","og_image":[{"url":"https:\/\/catandowl.nl\/wp-content\/uploads\/2023\/08\/catandowlBB_41-1600x715.jpg","type":"","width":"","height":""}],"twitter_card":"summary_large_image","twitter_misc":{"Gesch\u00e4tzte Lesezeit":"2\u00a0Minuten"},"schema":{"@context":"https:\/\/schema.org","@graph":[{"@type":"WebPage","@id":"https:\/\/catandowl.nl\/de\/gutscheine\/","url":"https:\/\/catandowl.nl\/de\/gutscheine\/","name":"Gutscheine - Cat and Owl Bed and Breakfast Groenlo","isPartOf":{"@id":"https:\/\/catandowl.nl\/de\/#website"},"primaryImageOfPage":{"@id":"https:\/\/catandowl.nl\/de\/gutscheine\/#primaryimage"},"image":{"@id":"https:\/\/catandowl.nl\/de\/gutscheine\/#primaryimage"},"thumbnailUrl":"https:\/\/catandowl.nl\/wp-content\/uploads\/2023\/08\/catandowlBB_41-1600x715.jpg","datePublished":"2023-08-21T13:15:01+00:00","dateModified":"2023-10-23T09:48:12+00:00","breadcrumb":{"@id":"https:\/\/catandowl.nl\/de\/gutscheine\/#breadcrumb"},"inLanguage":"de","potentialAction":[{"@type":"ReadAction","target":["https:\/\/catandowl.nl\/de\/gutscheine\/"]}]},{"@type":"ImageObject","inLanguage":"de","@id":"https:\/\/catandowl.nl\/de\/gutscheine\/#primaryimage","url":"https:\/\/catandowl.nl\/wp-content\/uploads\/2023\/08\/catandowlBB_41-1600x715.jpg","contentUrl":"https:\/\/catandowl.nl\/wp-content\/uploads\/2023\/08\/catandowlBB_41-1600x715.jpg"},{"@type":"BreadcrumbList","@id":"https:\/\/catandowl.nl\/de\/gutscheine\/#breadcrumb","itemListElement":[{"@type":"ListItem","position":1,"name":"Home","item":"https:\/\/catandowl.nl\/de\/"},{"@type":"ListItem","position":2,"name":"Gutscheine"}]},{"@type":"WebSite","@id":"https:\/\/catandowl.nl\/de\/#website","url":"https:\/\/catandowl.nl\/de\/","name":"Cat and Owl Bed and Breakfast Groenlo","description":"","publisher":{"@id":"https:\/\/catandowl.nl\/de\/#organization"},"potentialAction":[{"@type":"SearchAction","target":{"@type":"EntryPoint","urlTemplate":"https:\/\/catandowl.nl\/de\/?s={search_term_string}"},"query-input":{"@type":"PropertyValueSpecification","valueRequired":true,"valueName":"search_term_string"}}],"inLanguage":"de"},{"@type":"Organization","@id":"https:\/\/catandowl.nl\/de\/#organization","name":"Cat and Owl Bed and Breakfast Groenlo","url":"https:\/\/catandowl.nl\/de\/","logo":{"@type":"ImageObject","inLanguage":"de","@id":"https:\/\/catandowl.nl\/de\/#\/schema\/logo\/image\/","url":"https:\/\/catandowl.nl\/wp-content\/uploads\/2023\/09\/Cat_Owl_logo_green_background.png","contentUrl":"https:\/\/catandowl.nl\/wp-content\/uploads\/2023\/09\/Cat_Owl_logo_green_background.png","width":472,"height":1197,"caption":"Cat and Owl Bed and Breakfast Groenlo"},"image":{"@id":"https:\/\/catandowl.nl\/de\/#\/schema\/logo\/image\/"},"sameAs":["https:\/\/www.facebook.com\/thecatandtheowl","https:\/\/www.instagram.com\/thecatandtheowlbbb\/"]}]}},"_links":{"self":[{"href":"https:\/\/catandowl.nl\/de\/wp-json\/wp\/v2\/pages\/4669","targetHints":{"allow":["GET"]}}],"collection":[{"href":"https:\/\/catandowl.nl\/de\/wp-json\/wp\/v2\/pages"}],"about":[{"href":"https:\/\/catandowl.nl\/de\/wp-json\/wp\/v2\/types\/page"}],"author":[{"embeddable":true,"href":"https:\/\/catandowl.nl\/de\/wp-json\/wp\/v2\/users\/1"}],"replies":[{"embeddable":true,"href":"https:\/\/catandowl.nl\/de\/wp-json\/wp\/v2\/comments?post=4669"}],"version-history":[{"count":5,"href":"https:\/\/catandowl.nl\/de\/wp-json\/wp\/v2\/pages\/4669\/revisions"}],"predecessor-version":[{"id":4728,"href":"https:\/\/catandowl.nl\/de\/wp-json\/wp\/v2\/pages\/4669\/revisions\/4728"}],"wp:attachment":[{"href":"https:\/\/catandowl.nl\/de\/wp-json\/wp\/v2\/media?parent=4669"}],"curies":[{"name":"wp","href":"https:\/\/api.w.org\/{rel}","templated":true}]}}