{"id":4688,"date":"2023-08-21T14:02:33","date_gmt":"2023-08-21T14:02:33","guid":{"rendered":"https:\/\/catandowl.nl\/?page_id=4688"},"modified":"2023-10-23T08:49:34","modified_gmt":"2023-10-23T08:49:34","slug":"reservierung","status":"publish","type":"page","link":"https:\/\/catandowl.nl\/de\/reservierung\/","title":{"rendered":"Reservierung"},"content":{"rendered":"\t\t<div data-elementor-type=\"wp-page\" data-elementor-id=\"4688\" class=\"elementor elementor-4688 elementor-3528\">\n\t\t\t\t\t\t<section class=\"elementor-section elementor-top-section elementor-element elementor-element-5879f726 elementor-section-full_width elementor-section-stretched elementor-section-height-default elementor-section-height-default\" data-id=\"5879f726\" data-element_type=\"section\" data-e-type=\"section\" data-settings=\"{&quot;stretch_section&quot;:&quot;section-stretched&quot;}\">\n\t\t\t\t\t\t<div class=\"elementor-container elementor-column-gap-default\">\n\t\t\t\t\t<div class=\"elementor-column elementor-col-100 elementor-top-column elementor-element elementor-element-1d5fb7cd\" data-id=\"1d5fb7cd\" data-element_type=\"column\" data-e-type=\"column\">\n\t\t\t<div class=\"elementor-widget-wrap elementor-element-populated\">\n\t\t\t\t\t\t<div class=\"elementor-element elementor-element-611d6b6e elementor-widget__width-inherit elementor-widget elementor-widget-qt-slider\" data-id=\"611d6b6e\" data-element_type=\"widget\" data-e-type=\"widget\" data-widget_type=\"qt-slider.default\">\n\t\t\t\t<div class=\"elementor-widget-container\">\n\t\t\t\t\t\n        <div class=\"theme__swiper fullwidth__slider fixed-height\">\n\n            <div class=\"theme__swiper__wrap swiper\" data-settings=\"{&quot;speed&quot;:800,&quot;effect&quot;:&quot;fade&quot;,&quot;fadeEffect&quot;:{&quot;crossFade&quot;:true},&quot;autoHeight&quot;:true,&quot;slidesPerView&quot;:1,&quot;slidesPerGroup&quot;:1,&quot;spaceBetween&quot;:0}\">\n    \n                <div class=\"swiper-wrapper\">\n\n                    \n                        <div class=\"single-slide slide-id-5513a48 elementor-repeater-item-5513a48 swiper-slide\">\n\n                                                            <img fetchpriority=\"high\" decoding=\"async\" width=\"1600\" height=\"715\" src=\"https:\/\/catandowl.nl\/wp-content\/uploads\/2023\/08\/catandowlBB_31-1600x715.jpg\" class=\"slide__image\" alt=\"Reservierungen und Gut zu wissen\" srcset=\"\" sizes=\"100vw\" \/>                            \n                            <div class=\"caption__position caption-center\">\n\n                                <div class=\"container\">\n\n                                    <div class=\"slide__captions\">\n\n                                        \n                                                                                    <h1 class=\"slide__heading\">Reservierungen und Gut zu wissen<\/h1>\n                                        \n                                        \n                                    <\/div>\n\n                                <\/div>\n\n                            <\/div>\n\n                        <\/div>\n                    \n                <\/div>\n\n                \n            <\/div>\n\n            \n        <\/div>\n    \t\t\t\t<\/div>\n\t\t\t\t<\/div>\n\t\t\t\t\t<\/div>\n\t\t<\/div>\n\t\t\t\t\t<\/div>\n\t\t<\/section>\n\t\t\t\t<section class=\"elementor-section elementor-top-section elementor-element elementor-element-6064156f elementor-section-boxed elementor-section-height-default elementor-section-height-default\" data-id=\"6064156f\" data-element_type=\"section\" data-e-type=\"section\">\n\t\t\t\t\t\t<div class=\"elementor-container elementor-column-gap-default\">\n\t\t\t\t\t<div class=\"elementor-column elementor-col-100 elementor-top-column elementor-element elementor-element-6930a2d3\" data-id=\"6930a2d3\" data-element_type=\"column\" data-e-type=\"column\">\n\t\t\t<div class=\"elementor-widget-wrap elementor-element-populated\">\n\t\t\t\t\t\t<div class=\"elementor-element elementor-element-7b2bc2f1 elementor-widget elementor-widget-text-editor\" data-id=\"7b2bc2f1\" data-element_type=\"widget\" data-e-type=\"widget\" data-widget_type=\"text-editor.default\">\n\t\t\t\t<div class=\"elementor-widget-container\">\n\t\t\t\t\t\t\t\t\t<p>Geben Sie hier die Informationen \u00fcber Ihre bevorstehende Reise zum Bed &amp; Breakfast The Cat and the Owl in Groenlo ein.<\/p><p>Wir werden Ihnen so schnell wie m\u00f6glich eine Antwort zukommen lassen.<\/p><p>Wenn die Reservierung nicht erfolgreich ist oder Sie eine Frage haben, k\u00f6nnen Sie jederzeit +316 44669662 anrufen oder das <a href=\"\/kontakt\/\">Kontaktformular<\/a> ausf\u00fcllen und wir werden uns so schnell wie m\u00f6glich mit Ihnen in Verbindung setzen.<\/p>\t\t\t\t\t\t\t\t<\/div>\n\t\t\t\t<\/div>\n\t\t\t\t\t<\/div>\n\t\t<\/div>\n\t\t\t\t\t<\/div>\n\t\t<\/section>\n\t\t\t\t<section class=\"elementor-section elementor-top-section elementor-element elementor-element-37e9e3ba elementor-section-boxed elementor-section-height-default elementor-section-height-default\" data-id=\"37e9e3ba\" data-element_type=\"section\" data-e-type=\"section\">\n\t\t\t\t\t\t<div class=\"elementor-container elementor-column-gap-default\">\n\t\t\t\t\t<div class=\"elementor-column elementor-col-100 elementor-top-column elementor-element elementor-element-3adc7905\" data-id=\"3adc7905\" data-element_type=\"column\" data-e-type=\"column\">\n\t\t\t<div class=\"elementor-widget-wrap elementor-element-populated\">\n\t\t\t\t\t\t<div class=\"elementor-element elementor-element-675930f2 elementor-widget elementor-widget-text-editor\" data-id=\"675930f2\" data-element_type=\"widget\" data-e-type=\"widget\" data-widget_type=\"text-editor.default\">\n\t\t\t\t<div class=\"elementor-widget-container\">\n\t\t\t\t\t\t\t\t\t<iframe src=\"https:\/\/www.bedandbreakfast.nl\/ibook\/v2\/77167\/de\/yellow\" width=\"100%\" height=\"450\" frameborder=\"0\" allowtransparency=\"true\"><\/iframe>\t\t\t\t\t\t\t\t<\/div>\n\t\t\t\t<\/div>\n\t\t\t\t\t<\/div>\n\t\t<\/div>\n\t\t\t\t\t<\/div>\n\t\t<\/section>\n\t\t\t\t<section class=\"elementor-section elementor-top-section elementor-element elementor-element-550e86a6 elementor-section-boxed elementor-section-height-default elementor-section-height-default\" data-id=\"550e86a6\" data-element_type=\"section\" data-e-type=\"section\">\n\t\t\t\t\t\t<div class=\"elementor-container elementor-column-gap-default\">\n\t\t\t\t\t<div class=\"elementor-column elementor-col-100 elementor-top-column elementor-element elementor-element-51b0496a\" data-id=\"51b0496a\" data-element_type=\"column\" data-e-type=\"column\">\n\t\t\t<div class=\"elementor-widget-wrap elementor-element-populated\">\n\t\t\t\t\t\t<div class=\"elementor-element elementor-element-5e2e0479 elementor-widget elementor-widget-text-editor\" data-id=\"5e2e0479\" data-element_type=\"widget\" data-e-type=\"widget\" data-widget_type=\"text-editor.default\">\n\t\t\t\t<div class=\"elementor-widget-container\">\n\t\t\t\t\t\t\t\t\t<h4>Parken<\/h4><p>Parken ist vor Ort vor dem Haus m\u00f6glich.<\/p><h4>Bezahlen<\/h4><p>Kreditkarte (wir akzeptieren Visa, Mastercard, American Express), Debitkarte oder Bank\u00fcberweisung. Bezahlen Sie bei der Ankunft oder im Voraus per Bank\u00fcberweisung oder iDeal.<\/p><h4>Stornierungen<\/h4><p>Bis 14 Tage vor vereinbarter Anreise k\u00f6nnen Stornierungen kostenfrei vorgenommen werden. Danach werden 50% der Buchung in Rechnung gestellt. Bei einer Stornierung innerhalb von 48 Stunden vor Anreise wird der gesamte Buchungsbetrag in Rechnung gestellt.<\/p><h4>Check-in und Check-out<\/h4><p>Der Check-in ist ab 15:00 Uhr m\u00f6glich, wenn Sie fr\u00fcher kommen m\u00f6chten, geben Sie uns bitte Bescheid und wir k\u00f6nnen sehen, ob dies m\u00f6glich ist. F\u00fcr alle Zimmer haben wir eine Check-out-Zeit von 10:00 Uhr.<\/p><h4>Fr\u00fchst\u00fcck<\/h4><p>Wir vereinbaren einen Termin in Absprache.<\/p><h4>Haustiere<\/h4><p>Haustiere sind leider nicht erlaubt \u2013 es sei denn, es handelt sich um ein Assistenztier. Bitte geben Sie im Voraus an, ob dies der Fall ist.<\/p><h4>Rauchen<\/h4><p>Es ist nicht erlaubt, drinnen zu rauchen!<\/p>\t\t\t\t\t\t\t\t<\/div>\n\t\t\t\t<\/div>\n\t\t\t\t\t<\/div>\n\t\t<\/div>\n\t\t\t\t\t<\/div>\n\t\t<\/section>\n\t\t\t\t<\/div>\n\t\t","protected":false},"excerpt":{"rendered":"<p>Reservierungen und Gut zu wissen Geben Sie hier die Informationen \u00fcber Ihre bevorstehende Reise zum Bed &amp; Breakfast The Cat and the Owl in Groenlo ein. Wir werden Ihnen so schnell wie m\u00f6glich eine Antwort zukommen lassen. Wenn die Reservierung nicht erfolgreich ist oder Sie eine Frage haben, k\u00f6nnen Sie jederzeit +316 44669662 anrufen oder&hellip;<\/p>\n","protected":false},"author":1,"featured_media":0,"parent":0,"menu_order":0,"comment_status":"closed","ping_status":"closed","template":"","meta":{"_acf_changed":false,"footnotes":""},"class_list":["post-4688","page","type-page","status-publish","hentry"],"acf":[],"yoast_head":"<!-- This site is optimized with the Yoast SEO plugin v27.5 - https:\/\/yoast.com\/product\/yoast-seo-wordpress\/ -->\n<title>Reservierung - Cat and Owl Bed and Breakfast Groenlo<\/title>\n<meta name=\"robots\" content=\"index, follow, max-snippet:-1, max-image-preview:large, max-video-preview:-1\" \/>\n<link rel=\"canonical\" href=\"https:\/\/catandowl.nl\/de\/reservierung\/\" \/>\n<meta property=\"og:locale\" content=\"de_DE\" \/>\n<meta property=\"og:type\" content=\"article\" \/>\n<meta property=\"og:title\" content=\"Reservierung - Cat and Owl Bed and Breakfast Groenlo\" \/>\n<meta property=\"og:description\" content=\"Reservierungen und Gut zu wissen Geben Sie hier die Informationen \u00fcber Ihre bevorstehende Reise zum Bed &amp; Breakfast The Cat and the Owl in Groenlo ein. Wir werden Ihnen so schnell wie m\u00f6glich eine Antwort zukommen lassen. Wenn die Reservierung nicht erfolgreich ist oder Sie eine Frage haben, k\u00f6nnen Sie jederzeit +316 44669662 anrufen oder&hellip;\" \/>\n<meta property=\"og:url\" content=\"https:\/\/catandowl.nl\/de\/reservierung\/\" \/>\n<meta property=\"og:site_name\" content=\"Cat and Owl Bed and Breakfast Groenlo\" \/>\n<meta property=\"article:publisher\" content=\"https:\/\/www.facebook.com\/thecatandtheowl\" \/>\n<meta property=\"article:modified_time\" content=\"2023-10-23T08:49:34+00:00\" \/>\n<meta property=\"og:image\" content=\"https:\/\/catandowl.nl\/wp-content\/uploads\/2023\/08\/catandowlBB_31-1600x715.jpg\" \/>\n<meta name=\"twitter:card\" content=\"summary_large_image\" \/>\n<meta name=\"twitter:label1\" content=\"Gesch\u00e4tzte Lesezeit\" \/>\n\t<meta name=\"twitter:data1\" content=\"2\u00a0Minuten\" \/>\n<script type=\"application\/ld+json\" class=\"yoast-schema-graph\">{\"@context\":\"https:\\\/\\\/schema.org\",\"@graph\":[{\"@type\":\"WebPage\",\"@id\":\"https:\\\/\\\/catandowl.nl\\\/de\\\/reservierung\\\/\",\"url\":\"https:\\\/\\\/catandowl.nl\\\/de\\\/reservierung\\\/\",\"name\":\"Reservierung - Cat and Owl Bed and Breakfast Groenlo\",\"isPartOf\":{\"@id\":\"https:\\\/\\\/catandowl.nl\\\/de\\\/#website\"},\"primaryImageOfPage\":{\"@id\":\"https:\\\/\\\/catandowl.nl\\\/de\\\/reservierung\\\/#primaryimage\"},\"image\":{\"@id\":\"https:\\\/\\\/catandowl.nl\\\/de\\\/reservierung\\\/#primaryimage\"},\"thumbnailUrl\":\"https:\\\/\\\/catandowl.nl\\\/wp-content\\\/uploads\\\/2023\\\/08\\\/catandowlBB_31-1600x715.jpg\",\"datePublished\":\"2023-08-21T14:02:33+00:00\",\"dateModified\":\"2023-10-23T08:49:34+00:00\",\"breadcrumb\":{\"@id\":\"https:\\\/\\\/catandowl.nl\\\/de\\\/reservierung\\\/#breadcrumb\"},\"inLanguage\":\"de\",\"potentialAction\":[{\"@type\":\"ReadAction\",\"target\":[\"https:\\\/\\\/catandowl.nl\\\/de\\\/reservierung\\\/\"]}]},{\"@type\":\"ImageObject\",\"inLanguage\":\"de\",\"@id\":\"https:\\\/\\\/catandowl.nl\\\/de\\\/reservierung\\\/#primaryimage\",\"url\":\"https:\\\/\\\/catandowl.nl\\\/wp-content\\\/uploads\\\/2023\\\/08\\\/catandowlBB_31-1600x715.jpg\",\"contentUrl\":\"https:\\\/\\\/catandowl.nl\\\/wp-content\\\/uploads\\\/2023\\\/08\\\/catandowlBB_31-1600x715.jpg\"},{\"@type\":\"BreadcrumbList\",\"@id\":\"https:\\\/\\\/catandowl.nl\\\/de\\\/reservierung\\\/#breadcrumb\",\"itemListElement\":[{\"@type\":\"ListItem\",\"position\":1,\"name\":\"Home\",\"item\":\"https:\\\/\\\/catandowl.nl\\\/de\\\/\"},{\"@type\":\"ListItem\",\"position\":2,\"name\":\"Reservierung\"}]},{\"@type\":\"WebSite\",\"@id\":\"https:\\\/\\\/catandowl.nl\\\/de\\\/#website\",\"url\":\"https:\\\/\\\/catandowl.nl\\\/de\\\/\",\"name\":\"Cat and Owl Bed and Breakfast Groenlo\",\"description\":\"\",\"publisher\":{\"@id\":\"https:\\\/\\\/catandowl.nl\\\/de\\\/#organization\"},\"potentialAction\":[{\"@type\":\"SearchAction\",\"target\":{\"@type\":\"EntryPoint\",\"urlTemplate\":\"https:\\\/\\\/catandowl.nl\\\/de\\\/?s={search_term_string}\"},\"query-input\":{\"@type\":\"PropertyValueSpecification\",\"valueRequired\":true,\"valueName\":\"search_term_string\"}}],\"inLanguage\":\"de\"},{\"@type\":\"Organization\",\"@id\":\"https:\\\/\\\/catandowl.nl\\\/de\\\/#organization\",\"name\":\"Cat and Owl Bed and Breakfast Groenlo\",\"url\":\"https:\\\/\\\/catandowl.nl\\\/de\\\/\",\"logo\":{\"@type\":\"ImageObject\",\"inLanguage\":\"de\",\"@id\":\"https:\\\/\\\/catandowl.nl\\\/de\\\/#\\\/schema\\\/logo\\\/image\\\/\",\"url\":\"https:\\\/\\\/catandowl.nl\\\/wp-content\\\/uploads\\\/2023\\\/09\\\/Cat_Owl_logo_green_background.png\",\"contentUrl\":\"https:\\\/\\\/catandowl.nl\\\/wp-content\\\/uploads\\\/2023\\\/09\\\/Cat_Owl_logo_green_background.png\",\"width\":472,\"height\":1197,\"caption\":\"Cat and Owl Bed and Breakfast Groenlo\"},\"image\":{\"@id\":\"https:\\\/\\\/catandowl.nl\\\/de\\\/#\\\/schema\\\/logo\\\/image\\\/\"},\"sameAs\":[\"https:\\\/\\\/www.facebook.com\\\/thecatandtheowl\",\"https:\\\/\\\/www.instagram.com\\\/thecatandtheowlbbb\\\/\"]}]}<\/script>\n<!-- \/ Yoast SEO plugin. -->","yoast_head_json":{"title":"Reservierung - Cat and Owl Bed and Breakfast Groenlo","robots":{"index":"index","follow":"follow","max-snippet":"max-snippet:-1","max-image-preview":"max-image-preview:large","max-video-preview":"max-video-preview:-1"},"canonical":"https:\/\/catandowl.nl\/de\/reservierung\/","og_locale":"de_DE","og_type":"article","og_title":"Reservierung - Cat and Owl Bed and Breakfast Groenlo","og_description":"Reservierungen und Gut zu wissen Geben Sie hier die Informationen \u00fcber Ihre bevorstehende Reise zum Bed &amp; Breakfast The Cat and the Owl in Groenlo ein. Wir werden Ihnen so schnell wie m\u00f6glich eine Antwort zukommen lassen. Wenn die Reservierung nicht erfolgreich ist oder Sie eine Frage haben, k\u00f6nnen Sie jederzeit +316 44669662 anrufen oder&hellip;","og_url":"https:\/\/catandowl.nl\/de\/reservierung\/","og_site_name":"Cat and Owl Bed and Breakfast Groenlo","article_publisher":"https:\/\/www.facebook.com\/thecatandtheowl","article_modified_time":"2023-10-23T08:49:34+00:00","og_image":[{"url":"https:\/\/catandowl.nl\/wp-content\/uploads\/2023\/08\/catandowlBB_31-1600x715.jpg","type":"","width":"","height":""}],"twitter_card":"summary_large_image","twitter_misc":{"Gesch\u00e4tzte Lesezeit":"2\u00a0Minuten"},"schema":{"@context":"https:\/\/schema.org","@graph":[{"@type":"WebPage","@id":"https:\/\/catandowl.nl\/de\/reservierung\/","url":"https:\/\/catandowl.nl\/de\/reservierung\/","name":"Reservierung - Cat and Owl Bed and Breakfast Groenlo","isPartOf":{"@id":"https:\/\/catandowl.nl\/de\/#website"},"primaryImageOfPage":{"@id":"https:\/\/catandowl.nl\/de\/reservierung\/#primaryimage"},"image":{"@id":"https:\/\/catandowl.nl\/de\/reservierung\/#primaryimage"},"thumbnailUrl":"https:\/\/catandowl.nl\/wp-content\/uploads\/2023\/08\/catandowlBB_31-1600x715.jpg","datePublished":"2023-08-21T14:02:33+00:00","dateModified":"2023-10-23T08:49:34+00:00","breadcrumb":{"@id":"https:\/\/catandowl.nl\/de\/reservierung\/#breadcrumb"},"inLanguage":"de","potentialAction":[{"@type":"ReadAction","target":["https:\/\/catandowl.nl\/de\/reservierung\/"]}]},{"@type":"ImageObject","inLanguage":"de","@id":"https:\/\/catandowl.nl\/de\/reservierung\/#primaryimage","url":"https:\/\/catandowl.nl\/wp-content\/uploads\/2023\/08\/catandowlBB_31-1600x715.jpg","contentUrl":"https:\/\/catandowl.nl\/wp-content\/uploads\/2023\/08\/catandowlBB_31-1600x715.jpg"},{"@type":"BreadcrumbList","@id":"https:\/\/catandowl.nl\/de\/reservierung\/#breadcrumb","itemListElement":[{"@type":"ListItem","position":1,"name":"Home","item":"https:\/\/catandowl.nl\/de\/"},{"@type":"ListItem","position":2,"name":"Reservierung"}]},{"@type":"WebSite","@id":"https:\/\/catandowl.nl\/de\/#website","url":"https:\/\/catandowl.nl\/de\/","name":"Cat and Owl Bed and Breakfast Groenlo","description":"","publisher":{"@id":"https:\/\/catandowl.nl\/de\/#organization"},"potentialAction":[{"@type":"SearchAction","target":{"@type":"EntryPoint","urlTemplate":"https:\/\/catandowl.nl\/de\/?s={search_term_string}"},"query-input":{"@type":"PropertyValueSpecification","valueRequired":true,"valueName":"search_term_string"}}],"inLanguage":"de"},{"@type":"Organization","@id":"https:\/\/catandowl.nl\/de\/#organization","name":"Cat and Owl Bed and Breakfast Groenlo","url":"https:\/\/catandowl.nl\/de\/","logo":{"@type":"ImageObject","inLanguage":"de","@id":"https:\/\/catandowl.nl\/de\/#\/schema\/logo\/image\/","url":"https:\/\/catandowl.nl\/wp-content\/uploads\/2023\/09\/Cat_Owl_logo_green_background.png","contentUrl":"https:\/\/catandowl.nl\/wp-content\/uploads\/2023\/09\/Cat_Owl_logo_green_background.png","width":472,"height":1197,"caption":"Cat and Owl Bed and Breakfast Groenlo"},"image":{"@id":"https:\/\/catandowl.nl\/de\/#\/schema\/logo\/image\/"},"sameAs":["https:\/\/www.facebook.com\/thecatandtheowl","https:\/\/www.instagram.com\/thecatandtheowlbbb\/"]}]}},"_links":{"self":[{"href":"https:\/\/catandowl.nl\/de\/wp-json\/wp\/v2\/pages\/4688","targetHints":{"allow":["GET"]}}],"collection":[{"href":"https:\/\/catandowl.nl\/de\/wp-json\/wp\/v2\/pages"}],"about":[{"href":"https:\/\/catandowl.nl\/de\/wp-json\/wp\/v2\/types\/page"}],"author":[{"embeddable":true,"href":"https:\/\/catandowl.nl\/de\/wp-json\/wp\/v2\/users\/1"}],"replies":[{"embeddable":true,"href":"https:\/\/catandowl.nl\/de\/wp-json\/wp\/v2\/comments?post=4688"}],"version-history":[{"count":5,"href":"https:\/\/catandowl.nl\/de\/wp-json\/wp\/v2\/pages\/4688\/revisions"}],"predecessor-version":[{"id":4695,"href":"https:\/\/catandowl.nl\/de\/wp-json\/wp\/v2\/pages\/4688\/revisions\/4695"}],"wp:attachment":[{"href":"https:\/\/catandowl.nl\/de\/wp-json\/wp\/v2\/media?parent=4688"}],"curies":[{"name":"wp","href":"https:\/\/api.w.org\/{rel}","templated":true}]}}