{"id":4800,"date":"2023-10-26T08:09:49","date_gmt":"2023-10-26T08:09:49","guid":{"rendered":"https:\/\/catandowl.nl\/?page_id=4800"},"modified":"2023-10-26T08:53:04","modified_gmt":"2023-10-26T08:53:04","slug":"datenschutzrichtlinie","status":"publish","type":"page","link":"https:\/\/catandowl.nl\/de\/datenschutzrichtlinie\/","title":{"rendered":"Datenschutzrichtlinie"},"content":{"rendered":"\t\t<div data-elementor-type=\"wp-page\" data-elementor-id=\"4800\" class=\"elementor elementor-4800 elementor-4799\">\n\t\t\t\t\t\t<section class=\"elementor-section elementor-top-section elementor-element elementor-element-14d03539 elementor-section-full_width elementor-section-stretched elementor-section-height-default elementor-section-height-default\" data-id=\"14d03539\" data-element_type=\"section\" data-e-type=\"section\" data-settings=\"{&quot;stretch_section&quot;:&quot;section-stretched&quot;}\">\n\t\t\t\t\t\t<div class=\"elementor-container elementor-column-gap-default\">\n\t\t\t\t\t<div class=\"elementor-column elementor-col-100 elementor-top-column elementor-element elementor-element-72fbbe3b\" data-id=\"72fbbe3b\" data-element_type=\"column\" data-e-type=\"column\">\n\t\t\t<div class=\"elementor-widget-wrap elementor-element-populated\">\n\t\t\t\t\t\t<div class=\"elementor-element elementor-element-15691539 elementor-widget__width-inherit elementor-widget elementor-widget-qt-slider\" data-id=\"15691539\" data-element_type=\"widget\" data-e-type=\"widget\" data-widget_type=\"qt-slider.default\">\n\t\t\t\t<div class=\"elementor-widget-container\">\n\t\t\t\t\t\n        <div class=\"theme__swiper fullwidth__slider fixed-height\">\n\n            <div class=\"theme__swiper__wrap swiper\" data-settings=\"{&quot;speed&quot;:800,&quot;effect&quot;:&quot;fade&quot;,&quot;fadeEffect&quot;:{&quot;crossFade&quot;:true},&quot;autoHeight&quot;:true,&quot;slidesPerView&quot;:1,&quot;slidesPerGroup&quot;:1,&quot;spaceBetween&quot;:0}\">\n    \n                <div class=\"swiper-wrapper\">\n\n                    \n                        <div class=\"single-slide slide-id-5513a48 elementor-repeater-item-5513a48 swiper-slide\">\n\n                                                            <img fetchpriority=\"high\" decoding=\"async\" width=\"1600\" height=\"715\" src=\"https:\/\/catandowl.nl\/wp-content\/uploads\/2023\/08\/catandowlBB_13-1600x715.jpg\" class=\"slide__image\" alt=\"Datenschutzrichtlinie\" srcset=\"\" sizes=\"100vw\" \/>                            \n                            <div class=\"caption__position caption-center\">\n\n                                <div class=\"container\">\n\n                                    <div class=\"slide__captions\">\n\n                                        \n                                                                                    <h1 class=\"slide__heading\">Datenschutzrichtlinie<\/h1>\n                                        \n                                        \n                                    <\/div>\n\n                                <\/div>\n\n                            <\/div>\n\n                        <\/div>\n                    \n                <\/div>\n\n                \n            <\/div>\n\n            \n        <\/div>\n    \t\t\t\t<\/div>\n\t\t\t\t<\/div>\n\t\t\t\t\t<\/div>\n\t\t<\/div>\n\t\t\t\t\t<\/div>\n\t\t<\/section>\n\t\t\t\t<section class=\"elementor-section elementor-top-section elementor-element elementor-element-2d17813d elementor-section-boxed elementor-section-height-default elementor-section-height-default\" data-id=\"2d17813d\" data-element_type=\"section\" data-e-type=\"section\">\n\t\t\t\t\t\t<div class=\"elementor-container elementor-column-gap-default\">\n\t\t\t\t\t<div class=\"elementor-column elementor-col-100 elementor-top-column elementor-element elementor-element-36eef3af\" data-id=\"36eef3af\" data-element_type=\"column\" data-e-type=\"column\">\n\t\t\t<div class=\"elementor-widget-wrap elementor-element-populated\">\n\t\t\t\t\t\t<div class=\"elementor-element elementor-element-624bc1e elementor-widget elementor-widget-text-editor\" data-id=\"624bc1e\" data-element_type=\"widget\" data-e-type=\"widget\" data-widget_type=\"text-editor.default\">\n\t\t\t\t<div class=\"elementor-widget-container\">\n\t\t\t\t\t\t\t\t\t<h3>Datenschutzerkl\u00e4rung f\u00fcr Bright Hospitality<\/h3><p><strong>Bright Hospitality kann die folgenden Arten personenbezogener Daten erfassen und verwenden:<\/strong><\/p><ul><li>Informationen, die Sie uns zum Zwecke der Abwicklung einer Gesch\u00e4ftstransaktion \u00fcbermitteln<\/li><li>Informationen, die Sie uns \u00fcber Kontaktformulare oder externe Downloads zur Verf\u00fcgung stellen, wie z. B. Name, E-Mail-Adresse, Telefonnummer, Postanschrift und Firma, um Informationen \u00fcber unsere Software oder Dienstleistungen anzufordern.<\/li><li>Sofern zul\u00e4ssig, kann Bright Hospitality von anderen Parteien erhaltene Informationen \u00fcber bestimmte Personen und Unternehmen sammeln. Dies hilft uns, unsere Verwaltung auf dem neuesten Stand zu halten, zu erweitern und zu analysieren. Sondern auch, um neue Kunden zu identifizieren und Produkte und Dienstleistungen anzubieten, die f\u00fcr Sie von Interesse sein k\u00f6nnten.<\/li><\/ul><p><strong>Bright Hospitality kann Ihre pers\u00f6nlichen Daten verwenden, um:<\/strong><\/p><ul><li>Bearbeiten Sie Ihre Anfrage bez\u00fcglich unserer Software oder Dienstleistungen, einschlie\u00dflich des Herunterladens von Whitepapers.<\/li><li>Sammeln oder senden Sie Ihre Kontoausz\u00fcge, Rechnungen oder Zahlungen<\/li><li>Bereitstellung relevanter Marketingnachrichten wie E-Mail-Newsletter, Marketinginformationen und Dienstleistungsangebote. Alles nach den neuen Gesetzen oder auf Ihren Wunsch hin.<\/li><\/ul><p><strong>Cookies<\/strong><\/p><p>Wenn Sie die Website von Bright Hospitality besuchen, wird eine kleine Datei auf der Festplatte Ihres Computers abgelegt. Diese sogenannten Cookies machen die Bright Hospitality-Website(s) n\u00fctzlicher, indem sie Informationen \u00fcber Ihre Pr\u00e4ferenzen speichern. Dadurch wird es Ihnen in Zukunft leichter fallen, sich anzumelden und die Website(s) zu nutzen. Cookies identifizieren einen Internetnutzer nicht pers\u00f6nlich, wohl aber den Computer eines Nutzers. Die meisten Webbrowser akzeptieren Cookies automatisch. Wenn Sie m\u00f6chten, k\u00f6nnen Sie Ihren Browser jedoch so einstellen, dass Cookies nicht automatisch akzeptiert werden. \u00d6ffnen Sie den \u201eHilfe\u201c-Bereich Ihres Browsers, der Ihnen die verschiedenen M\u00f6glichkeiten zum Umgang mit Cookies erkl\u00e4rt. Wenn Sie Cookies deaktivieren, k\u00f6nnen Sie m\u00f6glicherweise nicht auf alle Funktionen unserer Websites zugreifen.<\/p><p><strong>Bright Hospitality-Websites k\u00f6nnen Cookies f\u00fcr folgende Zwecke bereitstellen:<\/strong><\/p><ul><li>Analyse \u2013 Wir m\u00f6chten die Website optimieren, indem wir den Benutzern auf der Website folgen und dadurch das Benutzererlebnis verbessern<\/li><li>Speichern Ihrer zuvor ausgef\u00fcllten Formulare \u2013 Dies dient dazu, beim Ausf\u00fcllen neuer Formulare Zeit zu sparen.<\/li><\/ul><p><strong>Sicherheit<\/strong><\/p><p>Alle pers\u00f6nlichen Daten, die Sie uns zur Verf\u00fcgung stellen, bleiben sicher und vertraulich. Bright Hospitality wird Ihre Daten nicht an andere Unternehmen weitergeben. Wir befolgen Industriestandards, um die uns zur Verf\u00fcgung gestellten Informationen zu sch\u00fctzen. Wir speichern alle Ihre Informationen sicher, sowohl w\u00e4hrend der \u00dcbertragung als auch nach dem Empfang der Daten. Dies sch\u00fctzt Ihre Daten vor Verlust, Missbrauch und unbefugtem Zugriff, Offenlegung, \u00c4nderung oder Zerst\u00f6rung. Wir k\u00f6nnen jedoch nicht garantieren, dass wir das Risiko eines Missbrauchs Ihrer personenbezogenen Daten durch andere in b\u00f6swilliger Absicht vollst\u00e4ndig ausschlie\u00dfen k\u00f6nnen. Bitte bewahren Sie Ihre eigenen Zugangsdaten an einem sicheren Ort auf und kontaktieren Sie uns umgehend, wenn Sie eine unbefugte Nutzung Ihres Passworts oder eine andere Sicherheitsverletzung feststellen.<\/p><p>Wir k\u00f6nnen Ihre pers\u00f6nlichen Daten und\/oder Benutzerinformationen offenlegen, wenn wir von Strafverfolgungsbeh\u00f6rden oder anderen Aufsichts- oder Regierungsbeh\u00f6rden, die mutma\u00dfliche illegale Aktivit\u00e4ten untersuchen, dazu aufgefordert werden.<\/p><p><strong>Aktualisierungen dieser Richtlinie<\/strong><\/p><p>Bright Hospitality kann diese Datenschutzrichtlinie aktualisieren, indem es eine neue Version auf dieser Website ver\u00f6ffentlicht. Die aktuellste Version unserer Richtlinie finden Sie auf unserer Website.<\/p><p><strong>Kontakt<\/strong><\/p><p>Wenn Sie Bright Hospitality zu irgendeinem Aspekt unserer Datenschutzrichtlinie kontaktieren m\u00f6chten, verwenden Sie bitte die unten stehenden Angaben.<\/p><p><strong>Datenmanagerin<\/strong> Renee Bright Oosterholtweg 5 7142 HJ Groenlo +31644669662<\/p>\t\t\t\t\t\t\t\t<\/div>\n\t\t\t\t<\/div>\n\t\t\t\t\t<\/div>\n\t\t<\/div>\n\t\t\t\t\t<\/div>\n\t\t<\/section>\n\t\t\t\t<\/div>\n\t\t","protected":false},"excerpt":{"rendered":"<p>Datenschutzrichtlinie Datenschutzerkl\u00e4rung f\u00fcr Bright Hospitality Bright Hospitality kann die folgenden Arten personenbezogener Daten erfassen und verwenden: Informationen, die Sie uns zum Zwecke der Abwicklung einer Gesch\u00e4ftstransaktion \u00fcbermitteln Informationen, die Sie uns \u00fcber Kontaktformulare oder externe Downloads zur Verf\u00fcgung stellen, wie z. B. Name, E-Mail-Adresse, Telefonnummer, Postanschrift und Firma, um Informationen \u00fcber unsere Software oder Dienstleistungen&hellip;<\/p>\n","protected":false},"author":1,"featured_media":0,"parent":0,"menu_order":0,"comment_status":"closed","ping_status":"closed","template":"","meta":{"_acf_changed":false,"footnotes":""},"class_list":["post-4800","page","type-page","status-publish","hentry"],"acf":[],"yoast_head":"<!-- This site is optimized with the Yoast SEO plugin v27.5 - https:\/\/yoast.com\/product\/yoast-seo-wordpress\/ -->\n<title>Datenschutzrichtlinie - Cat and Owl Bed and Breakfast Groenlo<\/title>\n<meta name=\"robots\" content=\"index, follow, max-snippet:-1, max-image-preview:large, max-video-preview:-1\" \/>\n<link rel=\"canonical\" href=\"https:\/\/catandowl.nl\/de\/datenschutzrichtlinie\/\" \/>\n<meta property=\"og:locale\" content=\"de_DE\" \/>\n<meta property=\"og:type\" content=\"article\" \/>\n<meta property=\"og:title\" content=\"Datenschutzrichtlinie - Cat and Owl Bed and Breakfast Groenlo\" \/>\n<meta property=\"og:description\" content=\"Datenschutzrichtlinie Datenschutzerkl\u00e4rung f\u00fcr Bright Hospitality Bright Hospitality kann die folgenden Arten personenbezogener Daten erfassen und verwenden: Informationen, die Sie uns zum Zwecke der Abwicklung einer Gesch\u00e4ftstransaktion \u00fcbermitteln Informationen, die Sie uns \u00fcber Kontaktformulare oder externe Downloads zur Verf\u00fcgung stellen, wie z. B. Name, E-Mail-Adresse, Telefonnummer, Postanschrift und Firma, um Informationen \u00fcber unsere Software oder Dienstleistungen&hellip;\" \/>\n<meta property=\"og:url\" content=\"https:\/\/catandowl.nl\/de\/datenschutzrichtlinie\/\" \/>\n<meta property=\"og:site_name\" content=\"Cat and Owl Bed and Breakfast Groenlo\" \/>\n<meta property=\"article:publisher\" content=\"https:\/\/www.facebook.com\/thecatandtheowl\" \/>\n<meta property=\"article:modified_time\" content=\"2023-10-26T08:53:04+00:00\" \/>\n<meta property=\"og:image\" content=\"https:\/\/catandowl.nl\/wp-content\/uploads\/2023\/08\/catandowlBB_13-1600x715.jpg\" \/>\n<meta name=\"twitter:card\" content=\"summary_large_image\" \/>\n<meta name=\"twitter:label1\" content=\"Gesch\u00e4tzte Lesezeit\" \/>\n\t<meta name=\"twitter:data1\" content=\"4\u00a0Minuten\" \/>\n<script type=\"application\/ld+json\" class=\"yoast-schema-graph\">{\"@context\":\"https:\\\/\\\/schema.org\",\"@graph\":[{\"@type\":\"WebPage\",\"@id\":\"https:\\\/\\\/catandowl.nl\\\/de\\\/datenschutzrichtlinie\\\/\",\"url\":\"https:\\\/\\\/catandowl.nl\\\/de\\\/datenschutzrichtlinie\\\/\",\"name\":\"Datenschutzrichtlinie - Cat and Owl Bed and Breakfast Groenlo\",\"isPartOf\":{\"@id\":\"https:\\\/\\\/catandowl.nl\\\/de\\\/#website\"},\"primaryImageOfPage\":{\"@id\":\"https:\\\/\\\/catandowl.nl\\\/de\\\/datenschutzrichtlinie\\\/#primaryimage\"},\"image\":{\"@id\":\"https:\\\/\\\/catandowl.nl\\\/de\\\/datenschutzrichtlinie\\\/#primaryimage\"},\"thumbnailUrl\":\"https:\\\/\\\/catandowl.nl\\\/wp-content\\\/uploads\\\/2023\\\/08\\\/catandowlBB_13-1600x715.jpg\",\"datePublished\":\"2023-10-26T08:09:49+00:00\",\"dateModified\":\"2023-10-26T08:53:04+00:00\",\"breadcrumb\":{\"@id\":\"https:\\\/\\\/catandowl.nl\\\/de\\\/datenschutzrichtlinie\\\/#breadcrumb\"},\"inLanguage\":\"de\",\"potentialAction\":[{\"@type\":\"ReadAction\",\"target\":[\"https:\\\/\\\/catandowl.nl\\\/de\\\/datenschutzrichtlinie\\\/\"]}]},{\"@type\":\"ImageObject\",\"inLanguage\":\"de\",\"@id\":\"https:\\\/\\\/catandowl.nl\\\/de\\\/datenschutzrichtlinie\\\/#primaryimage\",\"url\":\"https:\\\/\\\/catandowl.nl\\\/wp-content\\\/uploads\\\/2023\\\/08\\\/catandowlBB_13-1600x715.jpg\",\"contentUrl\":\"https:\\\/\\\/catandowl.nl\\\/wp-content\\\/uploads\\\/2023\\\/08\\\/catandowlBB_13-1600x715.jpg\"},{\"@type\":\"BreadcrumbList\",\"@id\":\"https:\\\/\\\/catandowl.nl\\\/de\\\/datenschutzrichtlinie\\\/#breadcrumb\",\"itemListElement\":[{\"@type\":\"ListItem\",\"position\":1,\"name\":\"Home\",\"item\":\"https:\\\/\\\/catandowl.nl\\\/de\\\/\"},{\"@type\":\"ListItem\",\"position\":2,\"name\":\"Datenschutzrichtlinie\"}]},{\"@type\":\"WebSite\",\"@id\":\"https:\\\/\\\/catandowl.nl\\\/de\\\/#website\",\"url\":\"https:\\\/\\\/catandowl.nl\\\/de\\\/\",\"name\":\"Cat and Owl Bed and Breakfast Groenlo\",\"description\":\"\",\"publisher\":{\"@id\":\"https:\\\/\\\/catandowl.nl\\\/de\\\/#organization\"},\"potentialAction\":[{\"@type\":\"SearchAction\",\"target\":{\"@type\":\"EntryPoint\",\"urlTemplate\":\"https:\\\/\\\/catandowl.nl\\\/de\\\/?s={search_term_string}\"},\"query-input\":{\"@type\":\"PropertyValueSpecification\",\"valueRequired\":true,\"valueName\":\"search_term_string\"}}],\"inLanguage\":\"de\"},{\"@type\":\"Organization\",\"@id\":\"https:\\\/\\\/catandowl.nl\\\/de\\\/#organization\",\"name\":\"Cat and Owl Bed and Breakfast Groenlo\",\"url\":\"https:\\\/\\\/catandowl.nl\\\/de\\\/\",\"logo\":{\"@type\":\"ImageObject\",\"inLanguage\":\"de\",\"@id\":\"https:\\\/\\\/catandowl.nl\\\/de\\\/#\\\/schema\\\/logo\\\/image\\\/\",\"url\":\"https:\\\/\\\/catandowl.nl\\\/wp-content\\\/uploads\\\/2023\\\/09\\\/Cat_Owl_logo_green_background.png\",\"contentUrl\":\"https:\\\/\\\/catandowl.nl\\\/wp-content\\\/uploads\\\/2023\\\/09\\\/Cat_Owl_logo_green_background.png\",\"width\":472,\"height\":1197,\"caption\":\"Cat and Owl Bed and Breakfast Groenlo\"},\"image\":{\"@id\":\"https:\\\/\\\/catandowl.nl\\\/de\\\/#\\\/schema\\\/logo\\\/image\\\/\"},\"sameAs\":[\"https:\\\/\\\/www.facebook.com\\\/thecatandtheowl\",\"https:\\\/\\\/www.instagram.com\\\/thecatandtheowlbbb\\\/\"]}]}<\/script>\n<!-- \/ Yoast SEO plugin. -->","yoast_head_json":{"title":"Datenschutzrichtlinie - Cat and Owl Bed and Breakfast Groenlo","robots":{"index":"index","follow":"follow","max-snippet":"max-snippet:-1","max-image-preview":"max-image-preview:large","max-video-preview":"max-video-preview:-1"},"canonical":"https:\/\/catandowl.nl\/de\/datenschutzrichtlinie\/","og_locale":"de_DE","og_type":"article","og_title":"Datenschutzrichtlinie - Cat and Owl Bed and Breakfast Groenlo","og_description":"Datenschutzrichtlinie Datenschutzerkl\u00e4rung f\u00fcr Bright Hospitality Bright Hospitality kann die folgenden Arten personenbezogener Daten erfassen und verwenden: Informationen, die Sie uns zum Zwecke der Abwicklung einer Gesch\u00e4ftstransaktion \u00fcbermitteln Informationen, die Sie uns \u00fcber Kontaktformulare oder externe Downloads zur Verf\u00fcgung stellen, wie z. B. Name, E-Mail-Adresse, Telefonnummer, Postanschrift und Firma, um Informationen \u00fcber unsere Software oder Dienstleistungen&hellip;","og_url":"https:\/\/catandowl.nl\/de\/datenschutzrichtlinie\/","og_site_name":"Cat and Owl Bed and Breakfast Groenlo","article_publisher":"https:\/\/www.facebook.com\/thecatandtheowl","article_modified_time":"2023-10-26T08:53:04+00:00","og_image":[{"url":"https:\/\/catandowl.nl\/wp-content\/uploads\/2023\/08\/catandowlBB_13-1600x715.jpg","type":"","width":"","height":""}],"twitter_card":"summary_large_image","twitter_misc":{"Gesch\u00e4tzte Lesezeit":"4\u00a0Minuten"},"schema":{"@context":"https:\/\/schema.org","@graph":[{"@type":"WebPage","@id":"https:\/\/catandowl.nl\/de\/datenschutzrichtlinie\/","url":"https:\/\/catandowl.nl\/de\/datenschutzrichtlinie\/","name":"Datenschutzrichtlinie - Cat and Owl Bed and Breakfast Groenlo","isPartOf":{"@id":"https:\/\/catandowl.nl\/de\/#website"},"primaryImageOfPage":{"@id":"https:\/\/catandowl.nl\/de\/datenschutzrichtlinie\/#primaryimage"},"image":{"@id":"https:\/\/catandowl.nl\/de\/datenschutzrichtlinie\/#primaryimage"},"thumbnailUrl":"https:\/\/catandowl.nl\/wp-content\/uploads\/2023\/08\/catandowlBB_13-1600x715.jpg","datePublished":"2023-10-26T08:09:49+00:00","dateModified":"2023-10-26T08:53:04+00:00","breadcrumb":{"@id":"https:\/\/catandowl.nl\/de\/datenschutzrichtlinie\/#breadcrumb"},"inLanguage":"de","potentialAction":[{"@type":"ReadAction","target":["https:\/\/catandowl.nl\/de\/datenschutzrichtlinie\/"]}]},{"@type":"ImageObject","inLanguage":"de","@id":"https:\/\/catandowl.nl\/de\/datenschutzrichtlinie\/#primaryimage","url":"https:\/\/catandowl.nl\/wp-content\/uploads\/2023\/08\/catandowlBB_13-1600x715.jpg","contentUrl":"https:\/\/catandowl.nl\/wp-content\/uploads\/2023\/08\/catandowlBB_13-1600x715.jpg"},{"@type":"BreadcrumbList","@id":"https:\/\/catandowl.nl\/de\/datenschutzrichtlinie\/#breadcrumb","itemListElement":[{"@type":"ListItem","position":1,"name":"Home","item":"https:\/\/catandowl.nl\/de\/"},{"@type":"ListItem","position":2,"name":"Datenschutzrichtlinie"}]},{"@type":"WebSite","@id":"https:\/\/catandowl.nl\/de\/#website","url":"https:\/\/catandowl.nl\/de\/","name":"Cat and Owl Bed and Breakfast Groenlo","description":"","publisher":{"@id":"https:\/\/catandowl.nl\/de\/#organization"},"potentialAction":[{"@type":"SearchAction","target":{"@type":"EntryPoint","urlTemplate":"https:\/\/catandowl.nl\/de\/?s={search_term_string}"},"query-input":{"@type":"PropertyValueSpecification","valueRequired":true,"valueName":"search_term_string"}}],"inLanguage":"de"},{"@type":"Organization","@id":"https:\/\/catandowl.nl\/de\/#organization","name":"Cat and Owl Bed and Breakfast Groenlo","url":"https:\/\/catandowl.nl\/de\/","logo":{"@type":"ImageObject","inLanguage":"de","@id":"https:\/\/catandowl.nl\/de\/#\/schema\/logo\/image\/","url":"https:\/\/catandowl.nl\/wp-content\/uploads\/2023\/09\/Cat_Owl_logo_green_background.png","contentUrl":"https:\/\/catandowl.nl\/wp-content\/uploads\/2023\/09\/Cat_Owl_logo_green_background.png","width":472,"height":1197,"caption":"Cat and Owl Bed and Breakfast Groenlo"},"image":{"@id":"https:\/\/catandowl.nl\/de\/#\/schema\/logo\/image\/"},"sameAs":["https:\/\/www.facebook.com\/thecatandtheowl","https:\/\/www.instagram.com\/thecatandtheowlbbb\/"]}]}},"_links":{"self":[{"href":"https:\/\/catandowl.nl\/de\/wp-json\/wp\/v2\/pages\/4800","targetHints":{"allow":["GET"]}}],"collection":[{"href":"https:\/\/catandowl.nl\/de\/wp-json\/wp\/v2\/pages"}],"about":[{"href":"https:\/\/catandowl.nl\/de\/wp-json\/wp\/v2\/types\/page"}],"author":[{"embeddable":true,"href":"https:\/\/catandowl.nl\/de\/wp-json\/wp\/v2\/users\/1"}],"replies":[{"embeddable":true,"href":"https:\/\/catandowl.nl\/de\/wp-json\/wp\/v2\/comments?post=4800"}],"version-history":[{"count":5,"href":"https:\/\/catandowl.nl\/de\/wp-json\/wp\/v2\/pages\/4800\/revisions"}],"predecessor-version":[{"id":4841,"href":"https:\/\/catandowl.nl\/de\/wp-json\/wp\/v2\/pages\/4800\/revisions\/4841"}],"wp:attachment":[{"href":"https:\/\/catandowl.nl\/de\/wp-json\/wp\/v2\/media?parent=4800"}],"curies":[{"name":"wp","href":"https:\/\/api.w.org\/{rel}","templated":true}]}}